{"id":572494,"date":"2021-09-22T04:44:09","date_gmt":"2021-09-22T04:44:09","guid":{"rendered":"https:\/\/aukinkochile.com\/web\/producto\/juego-de-mesa-monster-diner\/"},"modified":"2023-10-20T19:16:33","modified_gmt":"2023-10-20T19:16:33","slug":"juego-de-mesa-monster-diner","status":"publish","type":"product","link":"https:\/\/aukinkochile.com\/web\/producto\/juego-de-mesa-monster-diner\/","title":{"rendered":"Juego de Mesa Monster Diner"},"content":{"rendered":"<p>Para que el restaurant de los monstruos funcione bien no puedes contratar a cualquier monstruo\u2026 las reglas son f\u00e1ciles, saca una carta y, o bien te la quedas o bien se la das a otro jugador. El mismo monstruo puede ser muy \u00fatil o muy da\u00f1ino, para ti o para los otros jugadores, as\u00ed es como son los monstruos. Entrega los monstruos que no te sirven a los otros jugadores y selecciona los mejores para ganar el juego. Para jugar de 2 a 6 jugadores, recomendado de 8 a 99 a\u00f1os de edad, con una duraci\u00f3n aproximada de 30 a 35 minutos.<\/p>\n<p><p><strong>Material : <\/strong> MADERA Y CARTON<\/p>\n<p><strong>C\u00f3digo Aukinko : <\/strong> 18-1880468<\/p>\n<p><strong>C\u00f3digo Convenio Marco : <\/strong> <\/p>\n","protected":false},"excerpt":{"rendered":"<p>Para que el restaurant de los monstruos funcione bien no puedes contratar a cualquier monstruo\u2026 las reglas son f\u00e1ciles, saca una carta y, o bien te la quedas o bien se la das a otro jugador. El mismo monstruo puede ser muy \u00fatil o muy da\u00f1ino, para ti o para los otros jugadores, as\u00ed es [&hellip;]<\/p>\n","protected":false},"featured_media":624693,"comment_status":"open","ping_status":"closed","template":"","meta":{"_et_pb_use_builder":"","_et_pb_old_content":"","_et_gb_content_width":""},"product_brand":[],"product_cat":[150,149],"product_tag":[],"class_list":{"0":"post-572494","1":"product","2":"type-product","3":"status-publish","4":"has-post-thumbnail","6":"product_cat-asociacion-y-logica","7":"product_cat-juegos-de-mesa","8":"pa_edad-10-anos","9":"pa_edad-8-a-10-anos","10":"pa_marca-huch","11":"pa_medidas-1-cm","12":"pa_medidas-1-x-13","13":"pa_medidas-4359","14":"pa_medidas-9-x-18","16":"first","17":"instock","18":"shipping-taxable","19":"purchasable","20":"product-type-simple"},"aioseo_notices":[],"_links":{"self":[{"href":"https:\/\/aukinkochile.com\/web\/wp-json\/wp\/v2\/product\/572494","targetHints":{"allow":["GET"]}}],"collection":[{"href":"https:\/\/aukinkochile.com\/web\/wp-json\/wp\/v2\/product"}],"about":[{"href":"https:\/\/aukinkochile.com\/web\/wp-json\/wp\/v2\/types\/product"}],"replies":[{"embeddable":true,"href":"https:\/\/aukinkochile.com\/web\/wp-json\/wp\/v2\/comments?post=572494"}],"wp:featuredmedia":[{"embeddable":true,"href":"https:\/\/aukinkochile.com\/web\/wp-json\/wp\/v2\/media\/624693"}],"wp:attachment":[{"href":"https:\/\/aukinkochile.com\/web\/wp-json\/wp\/v2\/media?parent=572494"}],"wp:term":[{"taxonomy":"product_brand","embeddable":true,"href":"https:\/\/aukinkochile.com\/web\/wp-json\/wp\/v2\/product_brand?post=572494"},{"taxonomy":"product_cat","embeddable":true,"href":"https:\/\/aukinkochile.com\/web\/wp-json\/wp\/v2\/product_cat?post=572494"},{"taxonomy":"product_tag","embeddable":true,"href":"https:\/\/aukinkochile.com\/web\/wp-json\/wp\/v2\/product_tag?post=572494"}],"curies":[{"name":"wp","href":"https:\/\/api.w.org\/{rel}","templated":true}]}}