{"id":572488,"date":"2021-09-22T04:44:08","date_gmt":"2021-09-22T04:44:08","guid":{"rendered":"https:\/\/aukinkochile.com\/web\/producto\/juego-de-mesa-leolino\/"},"modified":"2023-10-20T19:16:33","modified_gmt":"2023-10-20T19:16:33","slug":"juego-de-mesa-leolino","status":"publish","type":"product","link":"https:\/\/aukinkochile.com\/web\/producto\/juego-de-mesa-leolino\/","title":{"rendered":"Juego de Mesa Leolino"},"content":{"rendered":"<p>El oso, el le\u00f3n, el elefante, el flamenco, el cocodrilo y el gorila tienen muchas razones para alegrarse. El zoo ha sido renovado y todos los animales ahora pueden mudarse a su nuevo recinto. Pero\u2026 en un zool\u00f3gico tan nuevo, puedes perderte! Cuatro caminos sinuosos conducen a trav\u00e9s del zoo y ofrecen oportunidades para detenerse. Pero cuando el gorila y el le\u00f3n quieren ir a su casa, se necesitan habilidades combinadas. Quien ayuda a los animales a encontrar su nuevo hogar? 1 jugador. 10 minutos de juego.<\/p>\n<p><p><strong>Material : <\/strong> MADERA Y CARTON<\/p>\n<p><strong>C\u00f3digo Aukinko : <\/strong> 18-1880208<\/p>\n<p><strong>C\u00f3digo Convenio Marco : <\/strong> <\/p>\n","protected":false},"excerpt":{"rendered":"<p>El oso, el le\u00f3n, el elefante, el flamenco, el cocodrilo y el gorila tienen muchas razones para alegrarse. El zoo ha sido renovado y todos los animales ahora pueden mudarse a su nuevo recinto. Pero\u2026 en un zool\u00f3gico tan nuevo, puedes perderte! Cuatro caminos sinuosos conducen a trav\u00e9s del zoo y ofrecen oportunidades para detenerse. [&hellip;]<\/p>\n","protected":false},"featured_media":624689,"comment_status":"open","ping_status":"closed","template":"","meta":{"_et_pb_use_builder":"","_et_pb_old_content":"","_et_gb_content_width":""},"product_brand":[],"product_cat":[149],"product_tag":[],"class_list":{"0":"post-572488","1":"product","2":"type-product","3":"status-publish","4":"has-post-thumbnail","6":"product_cat-juegos-de-mesa","7":"pa_edad-10-anos","8":"pa_edad-5-a-6-anos","9":"pa_edad-6-a-8-anos","10":"pa_edad-8-a-10-anos","11":"pa_marca-huch","12":"pa_medidas-24-x-24-x-5","13":"pa_medidas-5-cm","15":"first","16":"instock","17":"shipping-taxable","18":"purchasable","19":"product-type-simple"},"aioseo_notices":[],"_links":{"self":[{"href":"https:\/\/aukinkochile.com\/web\/wp-json\/wp\/v2\/product\/572488","targetHints":{"allow":["GET"]}}],"collection":[{"href":"https:\/\/aukinkochile.com\/web\/wp-json\/wp\/v2\/product"}],"about":[{"href":"https:\/\/aukinkochile.com\/web\/wp-json\/wp\/v2\/types\/product"}],"replies":[{"embeddable":true,"href":"https:\/\/aukinkochile.com\/web\/wp-json\/wp\/v2\/comments?post=572488"}],"wp:featuredmedia":[{"embeddable":true,"href":"https:\/\/aukinkochile.com\/web\/wp-json\/wp\/v2\/media\/624689"}],"wp:attachment":[{"href":"https:\/\/aukinkochile.com\/web\/wp-json\/wp\/v2\/media?parent=572488"}],"wp:term":[{"taxonomy":"product_brand","embeddable":true,"href":"https:\/\/aukinkochile.com\/web\/wp-json\/wp\/v2\/product_brand?post=572488"},{"taxonomy":"product_cat","embeddable":true,"href":"https:\/\/aukinkochile.com\/web\/wp-json\/wp\/v2\/product_cat?post=572488"},{"taxonomy":"product_tag","embeddable":true,"href":"https:\/\/aukinkochile.com\/web\/wp-json\/wp\/v2\/product_tag?post=572488"}],"curies":[{"name":"wp","href":"https:\/\/api.w.org\/{rel}","templated":true}]}}