{"id":572484,"date":"2021-09-22T04:44:07","date_gmt":"2021-09-22T04:44:07","guid":{"rendered":"https:\/\/aukinkochile.com\/web\/producto\/cartas-clubs\/"},"modified":"2025-06-26T16:15:36","modified_gmt":"2025-06-26T16:15:36","slug":"cartas-clubs","status":"publish","type":"product","link":"https:\/\/aukinkochile.com\/web\/producto\/cartas-clubs\/","title":{"rendered":"Cartas Clubs"},"content":{"rendered":"<p>Los s\u00edmbolos en el cl\u00e1sico juego de cartas se conocen como coraz\u00f3n, tr\u00e9bol, pic y diamante. Las cartas de Clubs ponen el s\u00edmbolo de la cruz en foco y revela un juego de truco r\u00e1pido. Los jugadores sirven 1 set, 1 single o una carrera y, por lo tanto, intentan asegurar el truco. Quien obtiene mas puntos y se deshace de sus cartas obtiene mayor bonificaci\u00f3n? De 2 a 6 jugadores. 30 minutos de juego.<\/p>\n<p><p><strong>Material : <\/strong> Madera y Cart\u00f3n<\/p>\n<p><strong>C\u00f3digo Aukinko : <\/strong> 18-1879875<\/p>\n<p><strong>C\u00f3digo Convenio Marco : <\/strong> x<\/p>\n","protected":false},"excerpt":{"rendered":"<p>Los s\u00edmbolos en el cl\u00e1sico juego de cartas se conocen como coraz\u00f3n, tr\u00e9bol, pic y diamante. Las cartas de Clubs ponen el s\u00edmbolo de la cruz en foco y revela un juego de truco r\u00e1pido. Los jugadores sirven 1 set, 1 single o una carrera y, por lo tanto, intentan asegurar el truco. Quien obtiene [&hellip;]<\/p>\n","protected":false},"featured_media":624687,"comment_status":"open","ping_status":"closed","template":"","meta":{"_et_pb_use_builder":"","_et_pb_old_content":"","_et_gb_content_width":""},"product_brand":[],"product_cat":[7385,149],"product_tag":[],"class_list":{"0":"post-572484","1":"product","2":"type-product","3":"status-publish","4":"has-post-thumbnail","6":"product_cat-estimulacion-cognitiva-y-motora-para-adultos-mayores","7":"product_cat-juegos-de-mesa","8":"pa_edad-10-anos","9":"pa_edad-8-a-10-anos","10":"pa_marca-huch","11":"pa_medidas-1-x-9","12":"pa_medidas-4481","13":"pa_medidas-4-x-2","14":"pa_medidas-5-cm","16":"first","17":"instock","18":"shipping-taxable","19":"purchasable","20":"product-type-simple"},"aioseo_notices":[],"_links":{"self":[{"href":"https:\/\/aukinkochile.com\/web\/wp-json\/wp\/v2\/product\/572484","targetHints":{"allow":["GET"]}}],"collection":[{"href":"https:\/\/aukinkochile.com\/web\/wp-json\/wp\/v2\/product"}],"about":[{"href":"https:\/\/aukinkochile.com\/web\/wp-json\/wp\/v2\/types\/product"}],"replies":[{"embeddable":true,"href":"https:\/\/aukinkochile.com\/web\/wp-json\/wp\/v2\/comments?post=572484"}],"wp:featuredmedia":[{"embeddable":true,"href":"https:\/\/aukinkochile.com\/web\/wp-json\/wp\/v2\/media\/624687"}],"wp:attachment":[{"href":"https:\/\/aukinkochile.com\/web\/wp-json\/wp\/v2\/media?parent=572484"}],"wp:term":[{"taxonomy":"product_brand","embeddable":true,"href":"https:\/\/aukinkochile.com\/web\/wp-json\/wp\/v2\/product_brand?post=572484"},{"taxonomy":"product_cat","embeddable":true,"href":"https:\/\/aukinkochile.com\/web\/wp-json\/wp\/v2\/product_cat?post=572484"},{"taxonomy":"product_tag","embeddable":true,"href":"https:\/\/aukinkochile.com\/web\/wp-json\/wp\/v2\/product_tag?post=572484"}],"curies":[{"name":"wp","href":"https:\/\/api.w.org\/{rel}","templated":true}]}}