{"id":572446,"date":"2021-09-22T04:43:58","date_gmt":"2021-09-22T04:43:58","guid":{"rendered":"https:\/\/aukinkochile.com\/web\/producto\/sonajero-triangulo-formas\/"},"modified":"2023-10-20T19:16:31","modified_gmt":"2023-10-20T19:16:31","slug":"sonajero-triangulo-formas","status":"publish","type":"product","link":"https:\/\/aukinkochile.com\/web\/producto\/sonajero-triangulo-formas\/","title":{"rendered":"Sonajero Triangulo Formas"},"content":{"rendered":"<p>Sonajero colorido y f\u00e1cil de sujetar. El sonido, movimiento y color son introducidos al bebe. Dise\u00f1o simple pero efectivo. <\/p>\n<p><p><strong>Material : <\/strong> PLASTICO<\/p>\n<p><strong>C\u00f3digo Aukinko : <\/strong> 17-986290<\/p>\n<p><strong>C\u00f3digo Convenio Marco : <\/strong> <\/p>\n","protected":false},"excerpt":{"rendered":"<p>Sonajero colorido y f\u00e1cil de sujetar. El sonido, movimiento y color son introducidos al bebe. Dise\u00f1o simple pero efectivo. Material : PLASTICO C\u00f3digo Aukinko : 17-986290 C\u00f3digo Convenio Marco :<\/p>\n","protected":false},"featured_media":624672,"comment_status":"open","ping_status":"closed","template":"","meta":{"_et_pb_use_builder":"","_et_pb_old_content":"","_et_gb_content_width":""},"product_brand":[],"product_cat":[91,23],"product_tag":[],"class_list":{"0":"post-572446","1":"product","2":"type-product","3":"status-publish","4":"has-post-thumbnail","6":"product_cat-accesorios-sala","7":"product_cat-primeros-anos","8":"pa_edad-0-a-1-ano","9":"pa_edad-1-a-2-anos","10":"pa_edad-2-a-3-anos","11":"pa_edad-3-a-4-anos","12":"pa_marca-tolo","13":"pa_medidas-2-cm","14":"pa_medidas-5-x-6","15":"pa_medidas-9-x-5","17":"first","18":"instock","19":"sale","20":"shipping-taxable","21":"purchasable","22":"product-type-simple"},"aioseo_notices":[],"_links":{"self":[{"href":"https:\/\/aukinkochile.com\/web\/wp-json\/wp\/v2\/product\/572446","targetHints":{"allow":["GET"]}}],"collection":[{"href":"https:\/\/aukinkochile.com\/web\/wp-json\/wp\/v2\/product"}],"about":[{"href":"https:\/\/aukinkochile.com\/web\/wp-json\/wp\/v2\/types\/product"}],"replies":[{"embeddable":true,"href":"https:\/\/aukinkochile.com\/web\/wp-json\/wp\/v2\/comments?post=572446"}],"wp:featuredmedia":[{"embeddable":true,"href":"https:\/\/aukinkochile.com\/web\/wp-json\/wp\/v2\/media\/624672"}],"wp:attachment":[{"href":"https:\/\/aukinkochile.com\/web\/wp-json\/wp\/v2\/media?parent=572446"}],"wp:term":[{"taxonomy":"product_brand","embeddable":true,"href":"https:\/\/aukinkochile.com\/web\/wp-json\/wp\/v2\/product_brand?post=572446"},{"taxonomy":"product_cat","embeddable":true,"href":"https:\/\/aukinkochile.com\/web\/wp-json\/wp\/v2\/product_cat?post=572446"},{"taxonomy":"product_tag","embeddable":true,"href":"https:\/\/aukinkochile.com\/web\/wp-json\/wp\/v2\/product_tag?post=572446"}],"curies":[{"name":"wp","href":"https:\/\/api.w.org\/{rel}","templated":true}]}}