{"id":572424,"date":"2021-09-22T04:43:54","date_gmt":"2021-09-22T04:43:54","guid":{"rendered":"https:\/\/aukinkochile.com\/web\/producto\/figura-metal-chancho-con-cinta\/"},"modified":"2023-10-19T19:58:04","modified_gmt":"2023-10-19T19:58:04","slug":"figura-metal-chancho-con-cinta","status":"publish","type":"product","link":"https:\/\/aukinkochile.com\/web\/producto\/figura-metal-chancho-con-cinta\/","title":{"rendered":"Figura Metal Chancho Con Cinta"},"content":{"rendered":"<p>El feliz cerdo rosado a cuerda camina sobre sus cuatro patas con un movimiento realista y excitado. Articulo de colecci\u00f3n, no utilizar como juguete.<\/p>\n<p><p><strong>Material : <\/strong> METAL<\/p>\n<p><strong>C\u00f3digo Aukinko : <\/strong> 17-11066<\/p>\n<p><strong>C\u00f3digo Convenio Marco : <\/strong> <\/p>\n","protected":false},"excerpt":{"rendered":"<p>El feliz cerdo rosado a cuerda camina sobre sus cuatro patas con un movimiento realista y excitado. Articulo de colecci\u00f3n, no utilizar como juguete. Material : METAL C\u00f3digo Aukinko : 17-11066 C\u00f3digo Convenio Marco :<\/p>\n","protected":false},"featured_media":624638,"comment_status":"open","ping_status":"closed","template":"","meta":{"_et_pb_use_builder":"","_et_pb_old_content":"","_et_gb_content_width":""},"product_brand":[],"product_cat":[212],"product_tag":[],"class_list":{"0":"post-572424","1":"product","2":"type-product","3":"status-publish","4":"has-post-thumbnail","6":"product_cat-munecos-y-figuras","7":"pa_edad-10-anos","8":"pa_marca-welby","9":"pa_medidas-10-x-4","10":"pa_medidas-5-x-6-cm","12":"first","13":"instock","14":"shipping-taxable","15":"purchasable","16":"product-type-simple"},"aioseo_notices":[],"_links":{"self":[{"href":"https:\/\/aukinkochile.com\/web\/wp-json\/wp\/v2\/product\/572424","targetHints":{"allow":["GET"]}}],"collection":[{"href":"https:\/\/aukinkochile.com\/web\/wp-json\/wp\/v2\/product"}],"about":[{"href":"https:\/\/aukinkochile.com\/web\/wp-json\/wp\/v2\/types\/product"}],"replies":[{"embeddable":true,"href":"https:\/\/aukinkochile.com\/web\/wp-json\/wp\/v2\/comments?post=572424"}],"wp:featuredmedia":[{"embeddable":true,"href":"https:\/\/aukinkochile.com\/web\/wp-json\/wp\/v2\/media\/624638"}],"wp:attachment":[{"href":"https:\/\/aukinkochile.com\/web\/wp-json\/wp\/v2\/media?parent=572424"}],"wp:term":[{"taxonomy":"product_brand","embeddable":true,"href":"https:\/\/aukinkochile.com\/web\/wp-json\/wp\/v2\/product_brand?post=572424"},{"taxonomy":"product_cat","embeddable":true,"href":"https:\/\/aukinkochile.com\/web\/wp-json\/wp\/v2\/product_cat?post=572424"},{"taxonomy":"product_tag","embeddable":true,"href":"https:\/\/aukinkochile.com\/web\/wp-json\/wp\/v2\/product_tag?post=572424"}],"curies":[{"name":"wp","href":"https:\/\/api.w.org\/{rel}","templated":true}]}}