{"id":572388,"date":"2021-09-22T04:43:44","date_gmt":"2021-09-22T04:43:44","guid":{"rendered":"https:\/\/aukinkochile.com\/web\/producto\/manualidades-timbres-transportes-14-pz\/"},"modified":"2024-12-05T16:16:56","modified_gmt":"2024-12-05T16:16:56","slug":"manualidades-timbres-transportes-14-pz","status":"publish","type":"product","link":"https:\/\/aukinkochile.com\/web\/producto\/manualidades-timbres-transportes-14-pz\/","title":{"rendered":"Timbres Transportes 14 pz"},"content":{"rendered":"<p>Set de 14 timbre de medios de transporte (locomotora, helic\u00f3ptero, bote, bicicleta, cami\u00f3n, auto, tractor, avi\u00f3n, moto, tolva, barco, bus, auto carrera y aplanadora). Para crear diferentes estampados en papel, cartas, murales, pinturas y libros con historia. Con agarradera anat\u00f3mica para la mano y para la facilidad del estampado. De material resistente y durable. Cada timbre tiene 7,5 cm di\u00e1metro.<\/p>\n<p><p><strong>Material : <\/strong> Pl\u00e1stico y Goma<\/p>\n<p><strong>C\u00f3digo Aukinko : <\/strong> 14-976130<\/p>\n<p><strong>C\u00f3digo Convenio Marco : <\/strong> x<\/p>\n","protected":false},"excerpt":{"rendered":"<p>Set de 14 timbre de medios de transporte (locomotora, helic\u00f3ptero, bote, bicicleta, cami\u00f3n, auto, tractor, avi\u00f3n, moto, tolva, barco, bus, auto carrera y aplanadora). Para crear diferentes estampados en papel, cartas, murales, pinturas y libros con historia. Con agarradera anat\u00f3mica para la mano y para la facilidad del estampado. De material resistente y durable. Cada [&hellip;]<\/p>\n","protected":false},"featured_media":627920,"comment_status":"open","ping_status":"closed","template":"","meta":{"_et_pb_use_builder":"","_et_pb_old_content":"","_et_gb_content_width":""},"product_brand":[],"product_cat":[91,21,20],"product_tag":[],"class_list":{"0":"post-572388","1":"product","2":"type-product","3":"status-publish","4":"has-post-thumbnail","6":"product_cat-accesorios-sala","7":"product_cat-arte-y-manipulacion","8":"product_cat-motricidad-fina","9":"pa_edad-10-anos","10":"pa_edad-4-a-5-anos","11":"pa_edad-5-a-6-anos","12":"pa_edad-6-a-8-anos","13":"pa_edad-8-a-10-anos","14":"pa_marca-edx","15":"pa_medidas-38-x-23-x-3-cm-caja","17":"first","18":"instock","19":"shipping-taxable","20":"purchasable","21":"product-type-simple"},"aioseo_notices":[],"_links":{"self":[{"href":"https:\/\/aukinkochile.com\/web\/wp-json\/wp\/v2\/product\/572388","targetHints":{"allow":["GET"]}}],"collection":[{"href":"https:\/\/aukinkochile.com\/web\/wp-json\/wp\/v2\/product"}],"about":[{"href":"https:\/\/aukinkochile.com\/web\/wp-json\/wp\/v2\/types\/product"}],"replies":[{"embeddable":true,"href":"https:\/\/aukinkochile.com\/web\/wp-json\/wp\/v2\/comments?post=572388"}],"wp:featuredmedia":[{"embeddable":true,"href":"https:\/\/aukinkochile.com\/web\/wp-json\/wp\/v2\/media\/627920"}],"wp:attachment":[{"href":"https:\/\/aukinkochile.com\/web\/wp-json\/wp\/v2\/media?parent=572388"}],"wp:term":[{"taxonomy":"product_brand","embeddable":true,"href":"https:\/\/aukinkochile.com\/web\/wp-json\/wp\/v2\/product_brand?post=572388"},{"taxonomy":"product_cat","embeddable":true,"href":"https:\/\/aukinkochile.com\/web\/wp-json\/wp\/v2\/product_cat?post=572388"},{"taxonomy":"product_tag","embeddable":true,"href":"https:\/\/aukinkochile.com\/web\/wp-json\/wp\/v2\/product_tag?post=572388"}],"curies":[{"name":"wp","href":"https:\/\/api.w.org\/{rel}","templated":true}]}}