{"id":572374,"date":"2021-09-22T04:43:42","date_gmt":"2021-09-22T04:43:42","guid":{"rendered":"https:\/\/aukinkochile.com\/web\/producto\/manualidades-plantillas-de-numeros\/"},"modified":"2024-12-05T16:16:50","modified_gmt":"2024-12-05T16:16:50","slug":"manualidades-plantillas-de-numeros","status":"publish","type":"product","link":"https:\/\/aukinkochile.com\/web\/producto\/manualidades-plantillas-de-numeros\/","title":{"rendered":"Plantillas N\u00fameros 10 pz"},"content":{"rendered":"<p>10 plantillas para aprender a dibujar n\u00fameros de pl\u00e1stico flexible resistente. <\/p>\n<p><p><strong>Material : <\/strong> Pl\u00e1stico<\/p>\n<p><strong>C\u00f3digo Aukinko : <\/strong> 14-974160<\/p>\n<p><strong>C\u00f3digo Convenio Marco : <\/strong> x<\/p>\n","protected":false},"excerpt":{"rendered":"<p>10 plantillas para aprender a dibujar n\u00fameros de pl\u00e1stico flexible resistente. Material : Pl\u00e1stico C\u00f3digo Aukinko : 14-974160 C\u00f3digo Convenio Marco : x<\/p>\n","protected":false},"featured_media":627916,"comment_status":"open","ping_status":"closed","template":"","meta":{"_et_pb_use_builder":"","_et_pb_old_content":"","_et_gb_content_width":""},"product_brand":[],"product_cat":[91,21,90,20],"product_tag":[],"class_list":{"0":"post-572374","1":"product","2":"type-product","3":"status-publish","4":"has-post-thumbnail","6":"product_cat-accesorios-sala","7":"product_cat-arte-y-manipulacion","8":"product_cat-matematicas","9":"product_cat-motricidad-fina","10":"pa_edad-4-a-5-anos","11":"pa_edad-5-a-6-anos","12":"pa_edad-6-a-8-anos","13":"pa_marca-edx","14":"pa_medidas-15-x-22-x-1-cm","16":"first","17":"instock","18":"shipping-taxable","19":"purchasable","20":"product-type-simple"},"aioseo_notices":[],"_links":{"self":[{"href":"https:\/\/aukinkochile.com\/web\/wp-json\/wp\/v2\/product\/572374","targetHints":{"allow":["GET"]}}],"collection":[{"href":"https:\/\/aukinkochile.com\/web\/wp-json\/wp\/v2\/product"}],"about":[{"href":"https:\/\/aukinkochile.com\/web\/wp-json\/wp\/v2\/types\/product"}],"replies":[{"embeddable":true,"href":"https:\/\/aukinkochile.com\/web\/wp-json\/wp\/v2\/comments?post=572374"}],"wp:featuredmedia":[{"embeddable":true,"href":"https:\/\/aukinkochile.com\/web\/wp-json\/wp\/v2\/media\/627916"}],"wp:attachment":[{"href":"https:\/\/aukinkochile.com\/web\/wp-json\/wp\/v2\/media?parent=572374"}],"wp:term":[{"taxonomy":"product_brand","embeddable":true,"href":"https:\/\/aukinkochile.com\/web\/wp-json\/wp\/v2\/product_brand?post=572374"},{"taxonomy":"product_cat","embeddable":true,"href":"https:\/\/aukinkochile.com\/web\/wp-json\/wp\/v2\/product_cat?post=572374"},{"taxonomy":"product_tag","embeddable":true,"href":"https:\/\/aukinkochile.com\/web\/wp-json\/wp\/v2\/product_tag?post=572374"}],"curies":[{"name":"wp","href":"https:\/\/api.w.org\/{rel}","templated":true}]}}