{"id":572330,"date":"2021-09-22T04:43:32","date_gmt":"2021-09-22T04:43:32","guid":{"rendered":"https:\/\/aukinkochile.com\/web\/producto\/clasificar-clavijas-gigantes\/"},"modified":"2024-12-05T16:16:27","modified_gmt":"2024-12-05T16:16:27","slug":"clasificar-clavijas-gigantes","status":"publish","type":"product","link":"https:\/\/aukinkochile.com\/web\/producto\/clasificar-clavijas-gigantes\/","title":{"rendered":"Clasificar Clavijas Gigantes"},"content":{"rendered":"<p>Tablero base cuadrado de espuma con 36 clavijas (3 x 4 cm) apilables gigantes, en 6 colores brillantes, 3 formas (triangulo, circulo y cuadrado) y 3 cordones de 75 cm (azul, rojo y amarillo) ideal para el desarrollo de la motricidad fina, contando, clasificaci\u00f3n y patrones.<\/p>\n<p><p><strong>Material : <\/strong> Pl\u00e1stico y Espuma<\/p>\n<p><strong>C\u00f3digo Aukinko : <\/strong> 14-939492<\/p>\n<p><strong>C\u00f3digo Convenio Marco : <\/strong> x<\/p>\n","protected":false},"excerpt":{"rendered":"<p>Tablero base cuadrado de espuma con 36 clavijas (3 x 4 cm) apilables gigantes, en 6 colores brillantes, 3 formas (triangulo, circulo y cuadrado) y 3 cordones de 75 cm (azul, rojo y amarillo) ideal para el desarrollo de la motricidad fina, contando, clasificaci\u00f3n y patrones. Material : Pl\u00e1stico y Espuma C\u00f3digo Aukinko : 14-939492 [&hellip;]<\/p>\n","protected":false},"featured_media":627898,"comment_status":"open","ping_status":"closed","template":"","meta":{"_et_pb_use_builder":"","_et_pb_old_content":"","_et_gb_content_width":""},"product_brand":[],"product_cat":[91,150,90],"product_tag":[],"class_list":{"0":"post-572330","1":"product","2":"type-product","3":"status-publish","4":"has-post-thumbnail","6":"product_cat-accesorios-sala","7":"product_cat-asociacion-y-logica","8":"product_cat-matematicas","9":"pa_edad-3-a-4-anos","10":"pa_edad-4-a-5-anos","11":"pa_edad-5-a-6-anos","12":"pa_edad-6-a-8-anos","13":"pa_marca-edx","14":"pa_medidas-23-x-23-x-5","15":"pa_medidas-5-cm-caja","17":"first","18":"instock","19":"shipping-taxable","20":"purchasable","21":"product-type-simple"},"aioseo_notices":[],"_links":{"self":[{"href":"https:\/\/aukinkochile.com\/web\/wp-json\/wp\/v2\/product\/572330","targetHints":{"allow":["GET"]}}],"collection":[{"href":"https:\/\/aukinkochile.com\/web\/wp-json\/wp\/v2\/product"}],"about":[{"href":"https:\/\/aukinkochile.com\/web\/wp-json\/wp\/v2\/types\/product"}],"replies":[{"embeddable":true,"href":"https:\/\/aukinkochile.com\/web\/wp-json\/wp\/v2\/comments?post=572330"}],"wp:featuredmedia":[{"embeddable":true,"href":"https:\/\/aukinkochile.com\/web\/wp-json\/wp\/v2\/media\/627898"}],"wp:attachment":[{"href":"https:\/\/aukinkochile.com\/web\/wp-json\/wp\/v2\/media?parent=572330"}],"wp:term":[{"taxonomy":"product_brand","embeddable":true,"href":"https:\/\/aukinkochile.com\/web\/wp-json\/wp\/v2\/product_brand?post=572330"},{"taxonomy":"product_cat","embeddable":true,"href":"https:\/\/aukinkochile.com\/web\/wp-json\/wp\/v2\/product_cat?post=572330"},{"taxonomy":"product_tag","embeddable":true,"href":"https:\/\/aukinkochile.com\/web\/wp-json\/wp\/v2\/product_tag?post=572330"}],"curies":[{"name":"wp","href":"https:\/\/api.w.org\/{rel}","templated":true}]}}