{"id":572328,"date":"2021-09-22T04:43:31","date_gmt":"2021-09-22T04:43:31","guid":{"rendered":"https:\/\/aukinkochile.com\/web\/producto\/ciencia-paletas-de-colores-18-pz\/"},"modified":"2026-03-02T20:59:45","modified_gmt":"2026-03-02T20:59:45","slug":"ciencia-paletas-de-colores-18-pz","status":"publish","type":"product","link":"https:\/\/aukinkochile.com\/web\/producto\/ciencia-paletas-de-colores-18-pz\/","title":{"rendered":"Ciencia Paletas Colores 6 pz"},"content":{"rendered":"<p>Los ni\u00f1os pueden explorar la mezcla de colores con estas paletas de colores. 6 colores diferentes.<\/p>\n<p><strong>Material : <\/strong> Pl\u00e1stico<\/p>\n<p><strong>C\u00f3digo Aukinko : <\/strong> 14-939161<\/p>\n<p><strong>C\u00f3digo Convenio Marco : <\/strong> x<\/p>\n","protected":false},"excerpt":{"rendered":"<p>Los ni\u00f1os pueden explorar la mezcla de colores con estas paletas de colores. 6 colores diferentes. Material : Pl\u00e1stico C\u00f3digo Aukinko : 14-939161 C\u00f3digo Convenio Marco : x<\/p>\n","protected":false},"featured_media":627897,"comment_status":"open","ping_status":"closed","template":"","meta":{"_et_pb_use_builder":"","_et_pb_old_content":"","_et_gb_content_width":""},"product_brand":[],"product_cat":[91,92],"product_tag":[],"class_list":{"0":"post-572328","1":"product","2":"type-product","3":"status-publish","4":"has-post-thumbnail","6":"product_cat-accesorios-sala","7":"product_cat-ciencias","8":"pa_edad-2-a-3-anos","9":"pa_edad-3-a-4-anos","10":"pa_edad-4-a-5-anos","11":"pa_edad-5-a-6-anos","12":"pa_edad-6-a-8-anos","13":"pa_marca-edx","14":"pa_medidas-8-x-14-cm-c-u","16":"first","17":"instock","18":"shipping-taxable","19":"purchasable","20":"product-type-simple"},"aioseo_notices":[],"_links":{"self":[{"href":"https:\/\/aukinkochile.com\/web\/wp-json\/wp\/v2\/product\/572328","targetHints":{"allow":["GET"]}}],"collection":[{"href":"https:\/\/aukinkochile.com\/web\/wp-json\/wp\/v2\/product"}],"about":[{"href":"https:\/\/aukinkochile.com\/web\/wp-json\/wp\/v2\/types\/product"}],"replies":[{"embeddable":true,"href":"https:\/\/aukinkochile.com\/web\/wp-json\/wp\/v2\/comments?post=572328"}],"wp:featuredmedia":[{"embeddable":true,"href":"https:\/\/aukinkochile.com\/web\/wp-json\/wp\/v2\/media\/627897"}],"wp:attachment":[{"href":"https:\/\/aukinkochile.com\/web\/wp-json\/wp\/v2\/media?parent=572328"}],"wp:term":[{"taxonomy":"product_brand","embeddable":true,"href":"https:\/\/aukinkochile.com\/web\/wp-json\/wp\/v2\/product_brand?post=572328"},{"taxonomy":"product_cat","embeddable":true,"href":"https:\/\/aukinkochile.com\/web\/wp-json\/wp\/v2\/product_cat?post=572328"},{"taxonomy":"product_tag","embeddable":true,"href":"https:\/\/aukinkochile.com\/web\/wp-json\/wp\/v2\/product_tag?post=572328"}],"curies":[{"name":"wp","href":"https:\/\/api.w.org\/{rel}","templated":true}]}}