{"id":572324,"date":"2021-09-22T04:43:31","date_gmt":"2021-09-22T04:43:31","guid":{"rendered":"https:\/\/aukinkochile.com\/web\/producto\/balanza-estudio-matematica-set-10\/"},"modified":"2024-12-05T16:16:24","modified_gmt":"2024-12-05T16:16:24","slug":"balanza-estudio-matematica-set-10","status":"publish","type":"product","link":"https:\/\/aukinkochile.com\/web\/producto\/balanza-estudio-matematica-set-10\/","title":{"rendered":"Balanza Estudio Matem\u00e1tica set 10 pz"},"content":{"rendered":"<p>10 balanzas ideal para que los estudiantes aprendan sobre la equivalencia y operaciones b\u00e1sicas. Set para la participaci\u00f3n de 10 estudiantes en la sala.<\/p>\n<p><p><strong>Material : <\/strong> Pl\u00e1stico<\/p>\n<p><strong>C\u00f3digo Aukinko : <\/strong> 14-925895<\/p>\n<p><strong>C\u00f3digo Convenio Marco : <\/strong> x<\/p>\n","protected":false},"excerpt":{"rendered":"<p>10 balanzas ideal para que los estudiantes aprendan sobre la equivalencia y operaciones b\u00e1sicas. Set para la participaci\u00f3n de 10 estudiantes en la sala. Material : Pl\u00e1stico C\u00f3digo Aukinko : 14-925895 C\u00f3digo Convenio Marco : x<\/p>\n","protected":false},"featured_media":627895,"comment_status":"open","ping_status":"closed","template":"","meta":{"_et_pb_use_builder":"","_et_pb_old_content":"","_et_gb_content_width":""},"product_brand":[],"product_cat":[91,90],"product_tag":[],"class_list":{"0":"post-572324","1":"product","2":"type-product","3":"status-publish","4":"has-post-thumbnail","6":"product_cat-accesorios-sala","7":"product_cat-matematicas","8":"pa_edad-10-anos","9":"pa_edad-6-a-8-anos","10":"pa_edad-8-a-10-anos","11":"pa_marca-edx","12":"pa_medidas-43-x-26-x-7-cm","14":"first","15":"instock","16":"shipping-taxable","17":"purchasable","18":"product-type-simple"},"aioseo_notices":[],"_links":{"self":[{"href":"https:\/\/aukinkochile.com\/web\/wp-json\/wp\/v2\/product\/572324","targetHints":{"allow":["GET"]}}],"collection":[{"href":"https:\/\/aukinkochile.com\/web\/wp-json\/wp\/v2\/product"}],"about":[{"href":"https:\/\/aukinkochile.com\/web\/wp-json\/wp\/v2\/types\/product"}],"replies":[{"embeddable":true,"href":"https:\/\/aukinkochile.com\/web\/wp-json\/wp\/v2\/comments?post=572324"}],"wp:featuredmedia":[{"embeddable":true,"href":"https:\/\/aukinkochile.com\/web\/wp-json\/wp\/v2\/media\/627895"}],"wp:attachment":[{"href":"https:\/\/aukinkochile.com\/web\/wp-json\/wp\/v2\/media?parent=572324"}],"wp:term":[{"taxonomy":"product_brand","embeddable":true,"href":"https:\/\/aukinkochile.com\/web\/wp-json\/wp\/v2\/product_brand?post=572324"},{"taxonomy":"product_cat","embeddable":true,"href":"https:\/\/aukinkochile.com\/web\/wp-json\/wp\/v2\/product_cat?post=572324"},{"taxonomy":"product_tag","embeddable":true,"href":"https:\/\/aukinkochile.com\/web\/wp-json\/wp\/v2\/product_tag?post=572324"}],"curies":[{"name":"wp","href":"https:\/\/api.w.org\/{rel}","templated":true}]}}