{"id":572322,"date":"2021-09-22T04:43:30","date_gmt":"2021-09-22T04:43:30","guid":{"rendered":"https:\/\/aukinkochile.com\/web\/producto\/balanza-matematica\/"},"modified":"2024-12-05T16:16:23","modified_gmt":"2024-12-05T16:16:23","slug":"balanza-matematica","status":"publish","type":"product","link":"https:\/\/aukinkochile.com\/web\/producto\/balanza-matematica\/","title":{"rendered":"Balanza Matem\u00e1tica"},"content":{"rendered":"<p>La balanza de n\u00fameros es una excelente herramienta de demostraci\u00f3n para mostrar a los ni\u00f1os las relaciones num\u00e9ricas y las operaciones num\u00e9ricas. Incluye 20 pesos.<\/p>\n<p><p><strong>Material : <\/strong> Pl\u00e1stico<\/p>\n<p><strong>C\u00f3digo Aukinko : <\/strong> 14-925892<\/p>\n<p><strong>C\u00f3digo Convenio Marco : <\/strong> x<\/p>\n","protected":false},"excerpt":{"rendered":"<p>La balanza de n\u00fameros es una excelente herramienta de demostraci\u00f3n para mostrar a los ni\u00f1os las relaciones num\u00e9ricas y las operaciones num\u00e9ricas. Incluye 20 pesos. Material : Pl\u00e1stico C\u00f3digo Aukinko : 14-925892 C\u00f3digo Convenio Marco : x<\/p>\n","protected":false},"featured_media":627894,"comment_status":"open","ping_status":"closed","template":"","meta":{"_et_pb_use_builder":"","_et_pb_old_content":"","_et_gb_content_width":""},"product_brand":[],"product_cat":[91,90],"product_tag":[],"class_list":{"0":"post-572322","1":"product","2":"type-product","3":"status-publish","4":"has-post-thumbnail","6":"product_cat-accesorios-sala","7":"product_cat-matematicas","8":"pa_edad-10-anos","9":"pa_edad-6-a-8-anos","10":"pa_edad-8-a-10-anos","11":"pa_marca-edx","12":"pa_medidas-65-x-22-cm","14":"first","15":"instock","16":"shipping-taxable","17":"purchasable","18":"product-type-simple"},"aioseo_notices":[],"_links":{"self":[{"href":"https:\/\/aukinkochile.com\/web\/wp-json\/wp\/v2\/product\/572322","targetHints":{"allow":["GET"]}}],"collection":[{"href":"https:\/\/aukinkochile.com\/web\/wp-json\/wp\/v2\/product"}],"about":[{"href":"https:\/\/aukinkochile.com\/web\/wp-json\/wp\/v2\/types\/product"}],"replies":[{"embeddable":true,"href":"https:\/\/aukinkochile.com\/web\/wp-json\/wp\/v2\/comments?post=572322"}],"wp:featuredmedia":[{"embeddable":true,"href":"https:\/\/aukinkochile.com\/web\/wp-json\/wp\/v2\/media\/627894"}],"wp:attachment":[{"href":"https:\/\/aukinkochile.com\/web\/wp-json\/wp\/v2\/media?parent=572322"}],"wp:term":[{"taxonomy":"product_brand","embeddable":true,"href":"https:\/\/aukinkochile.com\/web\/wp-json\/wp\/v2\/product_brand?post=572322"},{"taxonomy":"product_cat","embeddable":true,"href":"https:\/\/aukinkochile.com\/web\/wp-json\/wp\/v2\/product_cat?post=572322"},{"taxonomy":"product_tag","embeddable":true,"href":"https:\/\/aukinkochile.com\/web\/wp-json\/wp\/v2\/product_tag?post=572322"}],"curies":[{"name":"wp","href":"https:\/\/api.w.org\/{rel}","templated":true}]}}