{"id":572320,"date":"2021-09-22T04:43:30","date_gmt":"2021-09-22T04:43:30","guid":{"rendered":"https:\/\/aukinkochile.com\/web\/producto\/balanza-numeros\/"},"modified":"2024-12-05T16:16:22","modified_gmt":"2024-12-05T16:16:22","slug":"balanza-numeros","status":"publish","type":"product","link":"https:\/\/aukinkochile.com\/web\/producto\/balanza-numeros\/","title":{"rendered":"Balanza N\u00fameros"},"content":{"rendered":"<p>La balanza de n\u00fameros es una excelente herramienta para mostrarles y ense\u00f1arles a los ni\u00f1os los n\u00fameros y sus operaciones. De excelente calidad y vistosos colores.<\/p>\n<p><p><strong>Material : <\/strong> Pl\u00e1stico<\/p>\n<p><strong>C\u00f3digo Aukinko : <\/strong> 14-925891<\/p>\n<p><strong>C\u00f3digo Convenio Marco : <\/strong> x<\/p>\n","protected":false},"excerpt":{"rendered":"<p>La balanza de n\u00fameros es una excelente herramienta para mostrarles y ense\u00f1arles a los ni\u00f1os los n\u00fameros y sus operaciones. De excelente calidad y vistosos colores. Material : Pl\u00e1stico C\u00f3digo Aukinko : 14-925891 C\u00f3digo Convenio Marco : x<\/p>\n","protected":false},"featured_media":627893,"comment_status":"open","ping_status":"closed","template":"","meta":{"_et_pb_use_builder":"","_et_pb_old_content":"","_et_gb_content_width":""},"product_brand":[],"product_cat":[91,90],"product_tag":[],"class_list":{"0":"post-572320","1":"product","2":"type-product","3":"status-publish","4":"has-post-thumbnail","6":"product_cat-accesorios-sala","7":"product_cat-matematicas","8":"pa_edad-5-a-6-anos","9":"pa_edad-6-a-8-anos","10":"pa_edad-8-a-10-anos","11":"pa_marca-edx","12":"pa_medidas-66-x-22-cm","14":"first","15":"instock","16":"shipping-taxable","17":"purchasable","18":"product-type-simple"},"aioseo_notices":[],"_links":{"self":[{"href":"https:\/\/aukinkochile.com\/web\/wp-json\/wp\/v2\/product\/572320","targetHints":{"allow":["GET"]}}],"collection":[{"href":"https:\/\/aukinkochile.com\/web\/wp-json\/wp\/v2\/product"}],"about":[{"href":"https:\/\/aukinkochile.com\/web\/wp-json\/wp\/v2\/types\/product"}],"replies":[{"embeddable":true,"href":"https:\/\/aukinkochile.com\/web\/wp-json\/wp\/v2\/comments?post=572320"}],"wp:featuredmedia":[{"embeddable":true,"href":"https:\/\/aukinkochile.com\/web\/wp-json\/wp\/v2\/media\/627893"}],"wp:attachment":[{"href":"https:\/\/aukinkochile.com\/web\/wp-json\/wp\/v2\/media?parent=572320"}],"wp:term":[{"taxonomy":"product_brand","embeddable":true,"href":"https:\/\/aukinkochile.com\/web\/wp-json\/wp\/v2\/product_brand?post=572320"},{"taxonomy":"product_cat","embeddable":true,"href":"https:\/\/aukinkochile.com\/web\/wp-json\/wp\/v2\/product_cat?post=572320"},{"taxonomy":"product_tag","embeddable":true,"href":"https:\/\/aukinkochile.com\/web\/wp-json\/wp\/v2\/product_tag?post=572320"}],"curies":[{"name":"wp","href":"https:\/\/api.w.org\/{rel}","templated":true}]}}