{"id":572318,"date":"2021-09-22T04:43:30","date_gmt":"2021-09-22T04:43:30","guid":{"rendered":"https:\/\/aukinkochile.com\/web\/producto\/matematicas-fichas-apilables-plasticas\/"},"modified":"2024-12-05T16:16:21","modified_gmt":"2024-12-05T16:16:21","slug":"matematicas-fichas-apilables-plasticas","status":"publish","type":"product","link":"https:\/\/aukinkochile.com\/web\/producto\/matematicas-fichas-apilables-plasticas\/","title":{"rendered":"Matem\u00e1ticas Fichas Apilables Pl\u00e1sticas 80 pz"},"content":{"rendered":"<p>80 piezas pl\u00e1sticas de 4 diferentes tama\u00f1os y colores para apilar. Desarrolla habilidades en matem\u00e1ticas y asociaci\u00f3n y l\u00f3gica.<\/p>\n<p><p><strong>Material : <\/strong> Pl\u00e1stico<\/p>\n<p><strong>C\u00f3digo Aukinko : <\/strong> 14-925886<\/p>\n<p><strong>C\u00f3digo Convenio Marco : <\/strong> x<\/p>\n","protected":false},"excerpt":{"rendered":"<p>80 piezas pl\u00e1sticas de 4 diferentes tama\u00f1os y colores para apilar. Desarrolla habilidades en matem\u00e1ticas y asociaci\u00f3n y l\u00f3gica. Material : Pl\u00e1stico C\u00f3digo Aukinko : 14-925886 C\u00f3digo Convenio Marco : x<\/p>\n","protected":false},"featured_media":627892,"comment_status":"open","ping_status":"closed","template":"","meta":{"_et_pb_use_builder":"","_et_pb_old_content":"","_et_gb_content_width":""},"product_brand":[],"product_cat":[91,90],"product_tag":[],"class_list":{"0":"post-572318","1":"product","2":"type-product","3":"status-publish","4":"has-post-thumbnail","6":"product_cat-accesorios-sala","7":"product_cat-matematicas","8":"pa_edad-5-a-6-anos","9":"pa_edad-6-a-8-anos","10":"pa_marca-edx","11":"pa_medidas-14-cm-diametro-x-14-cm","13":"first","14":"instock","15":"shipping-taxable","16":"purchasable","17":"product-type-simple"},"aioseo_notices":[],"_links":{"self":[{"href":"https:\/\/aukinkochile.com\/web\/wp-json\/wp\/v2\/product\/572318","targetHints":{"allow":["GET"]}}],"collection":[{"href":"https:\/\/aukinkochile.com\/web\/wp-json\/wp\/v2\/product"}],"about":[{"href":"https:\/\/aukinkochile.com\/web\/wp-json\/wp\/v2\/types\/product"}],"replies":[{"embeddable":true,"href":"https:\/\/aukinkochile.com\/web\/wp-json\/wp\/v2\/comments?post=572318"}],"wp:featuredmedia":[{"embeddable":true,"href":"https:\/\/aukinkochile.com\/web\/wp-json\/wp\/v2\/media\/627892"}],"wp:attachment":[{"href":"https:\/\/aukinkochile.com\/web\/wp-json\/wp\/v2\/media?parent=572318"}],"wp:term":[{"taxonomy":"product_brand","embeddable":true,"href":"https:\/\/aukinkochile.com\/web\/wp-json\/wp\/v2\/product_brand?post=572318"},{"taxonomy":"product_cat","embeddable":true,"href":"https:\/\/aukinkochile.com\/web\/wp-json\/wp\/v2\/product_cat?post=572318"},{"taxonomy":"product_tag","embeddable":true,"href":"https:\/\/aukinkochile.com\/web\/wp-json\/wp\/v2\/product_tag?post=572318"}],"curies":[{"name":"wp","href":"https:\/\/api.w.org\/{rel}","templated":true}]}}