{"id":572302,"date":"2021-09-22T04:43:26","date_gmt":"2021-09-22T04:43:26","guid":{"rendered":"https:\/\/aukinkochile.com\/web\/producto\/laminas-patrones-20-unidades\/"},"modified":"2024-12-05T16:16:10","modified_gmt":"2024-12-05T16:16:10","slug":"laminas-patrones-20-unidades","status":"publish","type":"product","link":"https:\/\/aukinkochile.com\/web\/producto\/laminas-patrones-20-unidades\/","title":{"rendered":"Laminas Patrones 20 pz"},"content":{"rendered":"<p>Juego de 20 tarjetas de doble cara. Ideal para practicar habilidades de juego y formas de montaje. La doble cara ofrece un 2 nivel de dificultad. No contiene bloques, solo tarjetas de patrones, bloques se venden por separado.<\/p>\n<p><p><strong>Material : <\/strong> Cart\u00f3n Duro<\/p>\n<p><strong>C\u00f3digo Aukinko : <\/strong> 14-922290<\/p>\n<p><strong>C\u00f3digo Convenio Marco : <\/strong> x<\/p>\n","protected":false},"excerpt":{"rendered":"<p>Juego de 20 tarjetas de doble cara. Ideal para practicar habilidades de juego y formas de montaje. La doble cara ofrece un 2 nivel de dificultad. No contiene bloques, solo tarjetas de patrones, bloques se venden por separado. Material : Cart\u00f3n Duro C\u00f3digo Aukinko : 14-922290 C\u00f3digo Convenio Marco : x<\/p>\n","protected":false},"featured_media":627883,"comment_status":"open","ping_status":"closed","template":"","meta":{"_et_pb_use_builder":"","_et_pb_old_content":"","_et_gb_content_width":""},"product_brand":[],"product_cat":[91,90],"product_tag":[],"class_list":{"0":"post-572302","1":"product","2":"type-product","3":"status-publish","4":"has-post-thumbnail","6":"product_cat-accesorios-sala","7":"product_cat-matematicas","8":"pa_edad-3-a-4-anos","9":"pa_edad-4-a-5-anos","10":"pa_edad-5-a-6-anos","11":"pa_marca-edx","12":"pa_medidas-35-x-23-cm","14":"first","15":"instock","16":"shipping-taxable","17":"purchasable","18":"product-type-simple"},"aioseo_notices":[],"_links":{"self":[{"href":"https:\/\/aukinkochile.com\/web\/wp-json\/wp\/v2\/product\/572302","targetHints":{"allow":["GET"]}}],"collection":[{"href":"https:\/\/aukinkochile.com\/web\/wp-json\/wp\/v2\/product"}],"about":[{"href":"https:\/\/aukinkochile.com\/web\/wp-json\/wp\/v2\/types\/product"}],"replies":[{"embeddable":true,"href":"https:\/\/aukinkochile.com\/web\/wp-json\/wp\/v2\/comments?post=572302"}],"wp:featuredmedia":[{"embeddable":true,"href":"https:\/\/aukinkochile.com\/web\/wp-json\/wp\/v2\/media\/627883"}],"wp:attachment":[{"href":"https:\/\/aukinkochile.com\/web\/wp-json\/wp\/v2\/media?parent=572302"}],"wp:term":[{"taxonomy":"product_brand","embeddable":true,"href":"https:\/\/aukinkochile.com\/web\/wp-json\/wp\/v2\/product_brand?post=572302"},{"taxonomy":"product_cat","embeddable":true,"href":"https:\/\/aukinkochile.com\/web\/wp-json\/wp\/v2\/product_cat?post=572302"},{"taxonomy":"product_tag","embeddable":true,"href":"https:\/\/aukinkochile.com\/web\/wp-json\/wp\/v2\/product_tag?post=572302"}],"curies":[{"name":"wp","href":"https:\/\/api.w.org\/{rel}","templated":true}]}}