{"id":572292,"date":"2021-09-22T04:43:23","date_gmt":"2021-09-22T04:43:23","guid":{"rendered":"https:\/\/aukinkochile.com\/web\/producto\/bloques-logicos-jumbo\/"},"modified":"2024-12-05T16:16:01","modified_gmt":"2024-12-05T16:16:01","slug":"bloques-logicos-jumbo","status":"publish","type":"product","link":"https:\/\/aukinkochile.com\/web\/producto\/bloques-logicos-jumbo\/","title":{"rendered":"Bloques L\u00f3gicos Jumbo"},"content":{"rendered":"<p>60 piezas de bloques de formas grandes. 6 c\u00edrculos 10,5 cm di\u00e1metro, 6 c\u00edrculos peque\u00f1os, 6 cuadrados, 6 cuadrados peque\u00f1os, 6 rect\u00e1ngulos, 6 rect\u00e1ngulos peque\u00f1os, 6 tri\u00e1ngulos, 6 tri\u00e1ngulos peque\u00f1os, 6 hex\u00e1gonos y 6 hex\u00e1gonos peque\u00f1os, en rojo, azul y amarillo. Cada forma en 2 medidas de espesor, 0,7 cm y 0,2 cm. Para reconocer y aprender de las formas, tama\u00f1os, grosores y colores.<\/p>\n<p><p><strong>Material : <\/strong> Pl\u00e1stico<\/p>\n<p><strong>C\u00f3digo Aukinko : <\/strong> 14-919550<\/p>\n<p><strong>C\u00f3digo Convenio Marco : <\/strong> x<\/p>\n","protected":false},"excerpt":{"rendered":"<p>60 piezas de bloques de formas grandes. 6 c\u00edrculos 10,5 cm di\u00e1metro, 6 c\u00edrculos peque\u00f1os, 6 cuadrados, 6 cuadrados peque\u00f1os, 6 rect\u00e1ngulos, 6 rect\u00e1ngulos peque\u00f1os, 6 tri\u00e1ngulos, 6 tri\u00e1ngulos peque\u00f1os, 6 hex\u00e1gonos y 6 hex\u00e1gonos peque\u00f1os, en rojo, azul y amarillo. Cada forma en 2 medidas de espesor, 0,7 cm y 0,2 cm. Para reconocer [&hellip;]<\/p>\n","protected":false},"featured_media":627877,"comment_status":"open","ping_status":"closed","template":"","meta":{"_et_pb_use_builder":"","_et_pb_old_content":"","_et_gb_content_width":""},"product_brand":[],"product_cat":[91,19,20],"product_tag":[],"class_list":{"0":"post-572292","1":"product","2":"type-product","3":"status-publish","4":"has-post-thumbnail","6":"product_cat-accesorios-sala","7":"product_cat-construccion","8":"product_cat-motricidad-fina","9":"pa_edad-4-a-5-anos","10":"pa_edad-5-a-6-anos","11":"pa_edad-6-a-8-anos","12":"pa_marca-edx","13":"pa_medidas-4460","14":"pa_medidas-5-x-21","15":"pa_medidas-5-x-3-cm-caja","17":"first","18":"instock","19":"shipping-taxable","20":"purchasable","21":"product-type-simple"},"aioseo_notices":[],"_links":{"self":[{"href":"https:\/\/aukinkochile.com\/web\/wp-json\/wp\/v2\/product\/572292","targetHints":{"allow":["GET"]}}],"collection":[{"href":"https:\/\/aukinkochile.com\/web\/wp-json\/wp\/v2\/product"}],"about":[{"href":"https:\/\/aukinkochile.com\/web\/wp-json\/wp\/v2\/types\/product"}],"replies":[{"embeddable":true,"href":"https:\/\/aukinkochile.com\/web\/wp-json\/wp\/v2\/comments?post=572292"}],"wp:featuredmedia":[{"embeddable":true,"href":"https:\/\/aukinkochile.com\/web\/wp-json\/wp\/v2\/media\/627877"}],"wp:attachment":[{"href":"https:\/\/aukinkochile.com\/web\/wp-json\/wp\/v2\/media?parent=572292"}],"wp:term":[{"taxonomy":"product_brand","embeddable":true,"href":"https:\/\/aukinkochile.com\/web\/wp-json\/wp\/v2\/product_brand?post=572292"},{"taxonomy":"product_cat","embeddable":true,"href":"https:\/\/aukinkochile.com\/web\/wp-json\/wp\/v2\/product_cat?post=572292"},{"taxonomy":"product_tag","embeddable":true,"href":"https:\/\/aukinkochile.com\/web\/wp-json\/wp\/v2\/product_tag?post=572292"}],"curies":[{"name":"wp","href":"https:\/\/api.w.org\/{rel}","templated":true}]}}