{"id":572290,"date":"2021-09-22T04:43:22","date_gmt":"2021-09-22T04:43:22","guid":{"rendered":"https:\/\/aukinkochile.com\/web\/producto\/bloques-formas-geometricas\/"},"modified":"2024-12-05T16:16:00","modified_gmt":"2024-12-05T16:16:00","slug":"bloques-formas-geometricas","status":"publish","type":"product","link":"https:\/\/aukinkochile.com\/web\/producto\/bloques-formas-geometricas\/","title":{"rendered":"Bloques Formas Geom\u00e9tricas"},"content":{"rendered":"<p>Conjunto de 60 piezas de pl\u00e1stico solido en un surtido de 5 formas, 3 colores, 2 tama\u00f1os y dos espesores. Bloques para relacionar y clasificar.<\/p>\n<p><p><strong>Material : <\/strong> Pl\u00e1stico<\/p>\n<p><strong>C\u00f3digo Aukinko : <\/strong> 14-919522<\/p>\n<p><strong>C\u00f3digo Convenio Marco : <\/strong> x<\/p>\n","protected":false},"excerpt":{"rendered":"<p>Conjunto de 60 piezas de pl\u00e1stico solido en un surtido de 5 formas, 3 colores, 2 tama\u00f1os y dos espesores. Bloques para relacionar y clasificar. Material : Pl\u00e1stico C\u00f3digo Aukinko : 14-919522 C\u00f3digo Convenio Marco : x<\/p>\n","protected":false},"featured_media":627876,"comment_status":"open","ping_status":"closed","template":"","meta":{"_et_pb_use_builder":"","_et_pb_old_content":"","_et_gb_content_width":""},"product_brand":[],"product_cat":[91,19,20],"product_tag":[],"class_list":{"0":"post-572290","1":"product","2":"type-product","3":"status-publish","4":"has-post-thumbnail","6":"product_cat-accesorios-sala","7":"product_cat-construccion","8":"product_cat-motricidad-fina","9":"pa_edad-3-a-4-anos","10":"pa_edad-4-a-5-anos","11":"pa_edad-5-a-6-anos","12":"pa_edad-6-a-8-anos","13":"pa_marca-edx","14":"pa_medidas-23-x-18-x-2","15":"pa_medidas-5-cm","17":"first","18":"instock","19":"shipping-taxable","20":"purchasable","21":"product-type-simple"},"aioseo_notices":[],"_links":{"self":[{"href":"https:\/\/aukinkochile.com\/web\/wp-json\/wp\/v2\/product\/572290","targetHints":{"allow":["GET"]}}],"collection":[{"href":"https:\/\/aukinkochile.com\/web\/wp-json\/wp\/v2\/product"}],"about":[{"href":"https:\/\/aukinkochile.com\/web\/wp-json\/wp\/v2\/types\/product"}],"replies":[{"embeddable":true,"href":"https:\/\/aukinkochile.com\/web\/wp-json\/wp\/v2\/comments?post=572290"}],"wp:featuredmedia":[{"embeddable":true,"href":"https:\/\/aukinkochile.com\/web\/wp-json\/wp\/v2\/media\/627876"}],"wp:attachment":[{"href":"https:\/\/aukinkochile.com\/web\/wp-json\/wp\/v2\/media?parent=572290"}],"wp:term":[{"taxonomy":"product_brand","embeddable":true,"href":"https:\/\/aukinkochile.com\/web\/wp-json\/wp\/v2\/product_brand?post=572290"},{"taxonomy":"product_cat","embeddable":true,"href":"https:\/\/aukinkochile.com\/web\/wp-json\/wp\/v2\/product_cat?post=572290"},{"taxonomy":"product_tag","embeddable":true,"href":"https:\/\/aukinkochile.com\/web\/wp-json\/wp\/v2\/product_tag?post=572290"}],"curies":[{"name":"wp","href":"https:\/\/api.w.org\/{rel}","templated":true}]}}