{"id":572262,"date":"2021-09-22T04:43:16","date_gmt":"2021-09-22T04:43:16","guid":{"rendered":"https:\/\/aukinkochile.com\/web\/producto\/clasificar-vegetales-144-pz\/"},"modified":"2024-12-05T16:15:41","modified_gmt":"2024-12-05T16:15:41","slug":"clasificar-vegetales-144-pz","status":"publish","type":"product","link":"https:\/\/aukinkochile.com\/web\/producto\/clasificar-vegetales-144-pz\/","title":{"rendered":"Clasificar Vegetales 144 pz"},"content":{"rendered":"<p>144 vegetales de goma de 6 tipos diferentes (choclo, zanahoria, piment\u00f3n, berenjena, ajo y pepino) en 6 colores distintos (amarillo, naranjo, rojo, blanco, morado y verde). Ideales para desarrollar habilidades matem\u00e1ticas. Excelente calidad. En envase pl\u00e1stico. 5 cm aprox. el choclo.<\/p>\n<p><p><strong>Material : <\/strong> Goma<\/p>\n<p><strong>C\u00f3digo Aukinko : <\/strong> 14-913130<\/p>\n<p><strong>C\u00f3digo Convenio Marco : <\/strong> x<\/p>\n","protected":false},"excerpt":{"rendered":"<p>144 vegetales de goma de 6 tipos diferentes (choclo, zanahoria, piment\u00f3n, berenjena, ajo y pepino) en 6 colores distintos (amarillo, naranjo, rojo, blanco, morado y verde). Ideales para desarrollar habilidades matem\u00e1ticas. Excelente calidad. En envase pl\u00e1stico. 5 cm aprox. el choclo. Material : Goma C\u00f3digo Aukinko : 14-913130 C\u00f3digo Convenio Marco : x<\/p>\n","protected":false},"featured_media":627861,"comment_status":"open","ping_status":"closed","template":"","meta":{"_et_pb_use_builder":"","_et_pb_old_content":"","_et_gb_content_width":""},"product_brand":[],"product_cat":[91,150,90],"product_tag":[],"class_list":{"0":"post-572262","1":"product","2":"type-product","3":"status-publish","4":"has-post-thumbnail","6":"product_cat-accesorios-sala","7":"product_cat-asociacion-y-logica","8":"product_cat-matematicas","9":"pa_edad-3-a-4-anos","10":"pa_edad-4-a-5-anos","11":"pa_edad-5-a-6-anos","12":"pa_edad-6-a-8-anos","13":"pa_marca-edx","14":"pa_medidas-10-x-10-x-25-cm","16":"first","17":"instock","18":"shipping-taxable","19":"purchasable","20":"product-type-simple"},"aioseo_notices":[],"_links":{"self":[{"href":"https:\/\/aukinkochile.com\/web\/wp-json\/wp\/v2\/product\/572262","targetHints":{"allow":["GET"]}}],"collection":[{"href":"https:\/\/aukinkochile.com\/web\/wp-json\/wp\/v2\/product"}],"about":[{"href":"https:\/\/aukinkochile.com\/web\/wp-json\/wp\/v2\/types\/product"}],"replies":[{"embeddable":true,"href":"https:\/\/aukinkochile.com\/web\/wp-json\/wp\/v2\/comments?post=572262"}],"wp:featuredmedia":[{"embeddable":true,"href":"https:\/\/aukinkochile.com\/web\/wp-json\/wp\/v2\/media\/627861"}],"wp:attachment":[{"href":"https:\/\/aukinkochile.com\/web\/wp-json\/wp\/v2\/media?parent=572262"}],"wp:term":[{"taxonomy":"product_brand","embeddable":true,"href":"https:\/\/aukinkochile.com\/web\/wp-json\/wp\/v2\/product_brand?post=572262"},{"taxonomy":"product_cat","embeddable":true,"href":"https:\/\/aukinkochile.com\/web\/wp-json\/wp\/v2\/product_cat?post=572262"},{"taxonomy":"product_tag","embeddable":true,"href":"https:\/\/aukinkochile.com\/web\/wp-json\/wp\/v2\/product_tag?post=572262"}],"curies":[{"name":"wp","href":"https:\/\/api.w.org\/{rel}","templated":true}]}}