{"id":572250,"date":"2021-09-22T04:43:14","date_gmt":"2021-09-22T04:43:14","guid":{"rendered":"https:\/\/aukinkochile.com\/web\/producto\/puzle-progresivo-4-6-9-pz-juguetes\/"},"modified":"2024-03-26T15:30:35","modified_gmt":"2024-03-26T15:30:35","slug":"puzle-progresivo-4-6-9-pz-juguetes","status":"publish","type":"product","link":"https:\/\/aukinkochile.com\/web\/producto\/puzle-progresivo-4-6-9-pz-juguetes\/","title":{"rendered":"Puzle Progresivo Madera 4, 6, 9 pz Juguetes"},"content":{"rendered":"<p>Pack de 6 Puzles de juguetes de 4, 6 y 9 piezas en bandeja para facilidad en el calce.<\/p>\n<p><p><strong>Material : <\/strong> Madera y Pl\u00e1stico<\/p>\n<p><strong>C\u00f3digo Aukinko : <\/strong> 14-755103<\/p>\n<p><strong>C\u00f3digo Convenio Marco : <\/strong> X<\/p>\n","protected":false},"excerpt":{"rendered":"<p>Pack de 6 Puzles de juguetes de 4, 6 y 9 piezas en bandeja para facilidad en el calce. Material : Madera y Pl\u00e1stico C\u00f3digo Aukinko : 14-755103 C\u00f3digo Convenio Marco : X<\/p>\n","protected":false},"featured_media":627846,"comment_status":"open","ping_status":"closed","template":"","meta":{"_et_pb_use_builder":"","_et_pb_old_content":"","_et_gb_content_width":""},"product_brand":[],"product_cat":[20,22],"product_tag":[],"class_list":{"0":"post-572250","1":"product","2":"type-product","3":"status-publish","4":"has-post-thumbnail","6":"product_cat-motricidad-fina","7":"product_cat-puzzles","8":"pa_edad-3-a-4-anos","9":"pa_edad-4-a-5-anos","10":"pa_edad-5-a-6-anos","11":"pa_marca-interdidak","12":"pa_medidas-3-cm","13":"pa_medidas-3-x-4","14":"pa_medidas-4521","15":"pa_medidas-4-x-6","16":"pa_medidas-5-cm","17":"pa_medidas-5-x-6","18":"pa_medidas-4325","19":"pa_medidas-6-cm","21":"first","22":"instock","23":"sale","24":"shipping-taxable","25":"purchasable","26":"product-type-simple"},"aioseo_notices":[],"_links":{"self":[{"href":"https:\/\/aukinkochile.com\/web\/wp-json\/wp\/v2\/product\/572250","targetHints":{"allow":["GET"]}}],"collection":[{"href":"https:\/\/aukinkochile.com\/web\/wp-json\/wp\/v2\/product"}],"about":[{"href":"https:\/\/aukinkochile.com\/web\/wp-json\/wp\/v2\/types\/product"}],"replies":[{"embeddable":true,"href":"https:\/\/aukinkochile.com\/web\/wp-json\/wp\/v2\/comments?post=572250"}],"wp:featuredmedia":[{"embeddable":true,"href":"https:\/\/aukinkochile.com\/web\/wp-json\/wp\/v2\/media\/627846"}],"wp:attachment":[{"href":"https:\/\/aukinkochile.com\/web\/wp-json\/wp\/v2\/media?parent=572250"}],"wp:term":[{"taxonomy":"product_brand","embeddable":true,"href":"https:\/\/aukinkochile.com\/web\/wp-json\/wp\/v2\/product_brand?post=572250"},{"taxonomy":"product_cat","embeddable":true,"href":"https:\/\/aukinkochile.com\/web\/wp-json\/wp\/v2\/product_cat?post=572250"},{"taxonomy":"product_tag","embeddable":true,"href":"https:\/\/aukinkochile.com\/web\/wp-json\/wp\/v2\/product_tag?post=572250"}],"curies":[{"name":"wp","href":"https:\/\/api.w.org\/{rel}","templated":true}]}}