{"id":572240,"date":"2021-09-22T04:43:12","date_gmt":"2021-09-22T04:43:12","guid":{"rendered":"https:\/\/aukinkochile.com\/web\/producto\/juego-de-mesa-de-donde-vienen-los-alimentos\/"},"modified":"2024-03-26T15:30:31","modified_gmt":"2024-03-26T15:30:31","slug":"juego-de-mesa-de-donde-vienen-los-alimentos","status":"publish","type":"product","link":"https:\/\/aukinkochile.com\/web\/producto\/juego-de-mesa-de-donde-vienen-los-alimentos\/","title":{"rendered":"Juego de Mesa Los Alimentos"},"content":{"rendered":"<p>Juego de asociaci\u00f3n para aprender a clasificar los alimentos seg\u00fan su precedencia. Contiene 5 cartones de lugares de procedencia, 30 cartas, 1 dado y una maleta pl\u00e1stica.<\/p>\n<p><p><strong>Material : <\/strong> Cart\u00f3n Resistente<\/p>\n<p><strong>C\u00f3digo Aukinko : <\/strong> 14-720551<\/p>\n<p><strong>C\u00f3digo Convenio Marco : <\/strong> X<\/p>\n","protected":false},"excerpt":{"rendered":"<p>Juego de asociaci\u00f3n para aprender a clasificar los alimentos seg\u00fan su precedencia. Contiene 5 cartones de lugares de procedencia, 30 cartas, 1 dado y una maleta pl\u00e1stica. Material : Cart\u00f3n Resistente C\u00f3digo Aukinko : 14-720551 C\u00f3digo Convenio Marco : X<\/p>\n","protected":false},"featured_media":627838,"comment_status":"open","ping_status":"closed","template":"","meta":{"_et_pb_use_builder":"","_et_pb_old_content":"","_et_gb_content_width":""},"product_brand":[],"product_cat":[149],"product_tag":[],"class_list":{"0":"post-572240","1":"product","2":"type-product","3":"status-publish","4":"has-post-thumbnail","6":"product_cat-juegos-de-mesa","7":"pa_edad-3-a-4-anos","8":"pa_edad-4-a-5-anos","9":"pa_edad-5-a-6-anos","10":"pa_edad-6-a-8-anos","11":"pa_marca-interdidak","13":"first","14":"instock","15":"sale","16":"shipping-taxable","17":"purchasable","18":"product-type-simple"},"aioseo_notices":[],"_links":{"self":[{"href":"https:\/\/aukinkochile.com\/web\/wp-json\/wp\/v2\/product\/572240","targetHints":{"allow":["GET"]}}],"collection":[{"href":"https:\/\/aukinkochile.com\/web\/wp-json\/wp\/v2\/product"}],"about":[{"href":"https:\/\/aukinkochile.com\/web\/wp-json\/wp\/v2\/types\/product"}],"replies":[{"embeddable":true,"href":"https:\/\/aukinkochile.com\/web\/wp-json\/wp\/v2\/comments?post=572240"}],"wp:featuredmedia":[{"embeddable":true,"href":"https:\/\/aukinkochile.com\/web\/wp-json\/wp\/v2\/media\/627838"}],"wp:attachment":[{"href":"https:\/\/aukinkochile.com\/web\/wp-json\/wp\/v2\/media?parent=572240"}],"wp:term":[{"taxonomy":"product_brand","embeddable":true,"href":"https:\/\/aukinkochile.com\/web\/wp-json\/wp\/v2\/product_brand?post=572240"},{"taxonomy":"product_cat","embeddable":true,"href":"https:\/\/aukinkochile.com\/web\/wp-json\/wp\/v2\/product_cat?post=572240"},{"taxonomy":"product_tag","embeddable":true,"href":"https:\/\/aukinkochile.com\/web\/wp-json\/wp\/v2\/product_tag?post=572240"}],"curies":[{"name":"wp","href":"https:\/\/api.w.org\/{rel}","templated":true}]}}