{"id":572238,"date":"2021-09-22T04:43:12","date_gmt":"2021-09-22T04:43:12","guid":{"rendered":"https:\/\/aukinkochile.com\/web\/producto\/laminas-donde-esta-el-error\/"},"modified":"2024-03-26T15:30:31","modified_gmt":"2024-03-26T15:30:31","slug":"laminas-donde-esta-el-error","status":"publish","type":"product","link":"https:\/\/aukinkochile.com\/web\/producto\/laminas-donde-esta-el-error\/","title":{"rendered":"Laminas Donde Esta el Error ?"},"content":{"rendered":"<p>50 fotograf\u00edas con personajes que representan situaciones con alg\u00fan tipo de error: el mal uso de una herramienta, un objeto o indumentaria inapropiados en un determinado contexto, etc. Las im\u00e1genes permiten desarrollar la observaci\u00f3n, la atenci\u00f3n y la concentraci\u00f3n. Incluye gu\u00eda pedag\u00f3gica.<\/p>\n<p><p><strong>Material : <\/strong> Cart\u00f3n Grueso Plastificado<\/p>\n<p><strong>C\u00f3digo Aukinko : <\/strong> 14-720513<\/p>\n<p><strong>C\u00f3digo Convenio Marco : <\/strong> X<\/p>\n","protected":false},"excerpt":{"rendered":"<p>50 fotograf\u00edas con personajes que representan situaciones con alg\u00fan tipo de error: el mal uso de una herramienta, un objeto o indumentaria inapropiados en un determinado contexto, etc. Las im\u00e1genes permiten desarrollar la observaci\u00f3n, la atenci\u00f3n y la concentraci\u00f3n. Incluye gu\u00eda pedag\u00f3gica. Material : Cart\u00f3n Grueso Plastificado C\u00f3digo Aukinko : 14-720513 C\u00f3digo Convenio Marco : [&hellip;]<\/p>\n","protected":false},"featured_media":627837,"comment_status":"open","ping_status":"closed","template":"","meta":{"_et_pb_use_builder":"","_et_pb_old_content":"","_et_gb_content_width":""},"product_brand":[],"product_cat":[91,150,151],"product_tag":[],"class_list":{"0":"post-572238","1":"product","2":"type-product","3":"status-publish","4":"has-post-thumbnail","6":"product_cat-accesorios-sala","7":"product_cat-asociacion-y-logica","8":"product_cat-lenguaje","9":"pa_edad-3-a-4-anos","10":"pa_edad-4-a-5-anos","11":"pa_edad-5-a-6-anos","12":"pa_edad-6-a-8-anos","13":"pa_marca-interdidak","14":"pa_medidas-4430","15":"pa_medidas-5-cm","16":"pa_medidas-5-x-13","18":"first","19":"instock","20":"sale","21":"shipping-taxable","22":"purchasable","23":"product-type-simple"},"aioseo_notices":[],"_links":{"self":[{"href":"https:\/\/aukinkochile.com\/web\/wp-json\/wp\/v2\/product\/572238","targetHints":{"allow":["GET"]}}],"collection":[{"href":"https:\/\/aukinkochile.com\/web\/wp-json\/wp\/v2\/product"}],"about":[{"href":"https:\/\/aukinkochile.com\/web\/wp-json\/wp\/v2\/types\/product"}],"replies":[{"embeddable":true,"href":"https:\/\/aukinkochile.com\/web\/wp-json\/wp\/v2\/comments?post=572238"}],"wp:featuredmedia":[{"embeddable":true,"href":"https:\/\/aukinkochile.com\/web\/wp-json\/wp\/v2\/media\/627837"}],"wp:attachment":[{"href":"https:\/\/aukinkochile.com\/web\/wp-json\/wp\/v2\/media?parent=572238"}],"wp:term":[{"taxonomy":"product_brand","embeddable":true,"href":"https:\/\/aukinkochile.com\/web\/wp-json\/wp\/v2\/product_brand?post=572238"},{"taxonomy":"product_cat","embeddable":true,"href":"https:\/\/aukinkochile.com\/web\/wp-json\/wp\/v2\/product_cat?post=572238"},{"taxonomy":"product_tag","embeddable":true,"href":"https:\/\/aukinkochile.com\/web\/wp-json\/wp\/v2\/product_tag?post=572238"}],"curies":[{"name":"wp","href":"https:\/\/api.w.org\/{rel}","templated":true}]}}