{"id":572236,"date":"2021-09-22T04:43:10","date_gmt":"2021-09-22T04:43:10","guid":{"rendered":"https:\/\/aukinkochile.com\/web\/producto\/laminas-buscar-las-diferencias\/"},"modified":"2024-03-26T15:30:30","modified_gmt":"2024-03-26T15:30:30","slug":"laminas-buscar-las-diferencias","status":"publish","type":"product","link":"https:\/\/aukinkochile.com\/web\/producto\/laminas-buscar-las-diferencias\/","title":{"rendered":"Laminas Buscar Diferencias"},"content":{"rendered":"<p>50 fotograf\u00edas que contienen 25 situaciones por duplicado. En las im\u00e1genes duplicadas aparecen algunas diferencias: cambio de lugar o de color de un objeto, desaparici\u00f3n de alg\u00fan elemento, etc. Las im\u00e1genes permiten desarrollar la observaci\u00f3n, la atenci\u00f3n y la concentraci\u00f3n, as\u00ed como incrementar el vocabulario. Incluye gu\u00eda pedag\u00f3gica.<\/p>\n<p><p><strong>Material : <\/strong> Cart\u00f3n Grueso Plastificado<\/p>\n<p><strong>C\u00f3digo Aukinko : <\/strong> 14-720512<\/p>\n<p><strong>C\u00f3digo Convenio Marco : <\/strong> X<\/p>\n","protected":false},"excerpt":{"rendered":"<p>50 fotograf\u00edas que contienen 25 situaciones por duplicado. En las im\u00e1genes duplicadas aparecen algunas diferencias: cambio de lugar o de color de un objeto, desaparici\u00f3n de alg\u00fan elemento, etc. Las im\u00e1genes permiten desarrollar la observaci\u00f3n, la atenci\u00f3n y la concentraci\u00f3n, as\u00ed como incrementar el vocabulario. Incluye gu\u00eda pedag\u00f3gica. Material : Cart\u00f3n Grueso Plastificado C\u00f3digo Aukinko [&hellip;]<\/p>\n","protected":false},"featured_media":627836,"comment_status":"open","ping_status":"closed","template":"","meta":{"_et_pb_use_builder":"","_et_pb_old_content":"","_et_gb_content_width":""},"product_brand":[],"product_cat":[91,150,151],"product_tag":[],"class_list":{"0":"post-572236","1":"product","2":"type-product","3":"status-publish","4":"has-post-thumbnail","6":"product_cat-accesorios-sala","7":"product_cat-asociacion-y-logica","8":"product_cat-lenguaje","9":"pa_edad-3-a-4-anos","10":"pa_edad-4-a-5-anos","11":"pa_edad-5-a-6-anos","12":"pa_edad-6-a-8-anos","13":"pa_marca-interdidak","14":"pa_medidas-4430","15":"pa_medidas-5-cm","16":"pa_medidas-5-x-13","18":"first","19":"instock","20":"sale","21":"shipping-taxable","22":"purchasable","23":"product-type-simple"},"aioseo_notices":[],"_links":{"self":[{"href":"https:\/\/aukinkochile.com\/web\/wp-json\/wp\/v2\/product\/572236","targetHints":{"allow":["GET"]}}],"collection":[{"href":"https:\/\/aukinkochile.com\/web\/wp-json\/wp\/v2\/product"}],"about":[{"href":"https:\/\/aukinkochile.com\/web\/wp-json\/wp\/v2\/types\/product"}],"replies":[{"embeddable":true,"href":"https:\/\/aukinkochile.com\/web\/wp-json\/wp\/v2\/comments?post=572236"}],"wp:featuredmedia":[{"embeddable":true,"href":"https:\/\/aukinkochile.com\/web\/wp-json\/wp\/v2\/media\/627836"}],"wp:attachment":[{"href":"https:\/\/aukinkochile.com\/web\/wp-json\/wp\/v2\/media?parent=572236"}],"wp:term":[{"taxonomy":"product_brand","embeddable":true,"href":"https:\/\/aukinkochile.com\/web\/wp-json\/wp\/v2\/product_brand?post=572236"},{"taxonomy":"product_cat","embeddable":true,"href":"https:\/\/aukinkochile.com\/web\/wp-json\/wp\/v2\/product_cat?post=572236"},{"taxonomy":"product_tag","embeddable":true,"href":"https:\/\/aukinkochile.com\/web\/wp-json\/wp\/v2\/product_tag?post=572236"}],"curies":[{"name":"wp","href":"https:\/\/api.w.org\/{rel}","templated":true}]}}