{"id":572196,"date":"2021-09-22T04:43:02","date_gmt":"2021-09-22T04:43:02","guid":{"rendered":"https:\/\/aukinkochile.com\/web\/producto\/ropa-muneca-parka-36-cm\/"},"modified":"2025-11-26T21:59:14","modified_gmt":"2025-11-26T21:59:14","slug":"ropa-muneca-parka-36-cm","status":"publish","type":"product","link":"https:\/\/aukinkochile.com\/web\/producto\/ropa-muneca-parka-36-cm\/","title":{"rendered":"Ropa Mu\u00f1eca Parka 36 cm"},"content":{"rendered":"<p>Ropa para mu\u00f1eca de 36 cm. Fabricado con material suave y resistente, f\u00e1cil de poner gracias a cintas de velcro. Incluye colgador. Mu\u00f1eca se vende por separado.<\/p>\n<p><p><strong>Material : <\/strong> Genero<\/p>\n<p><strong>C\u00f3digo Aukinko : <\/strong> 14-6220087 <\/p>\n<p><strong>C\u00f3digo Convenio Marco : <\/strong> x<\/p>\n","protected":false},"excerpt":{"rendered":"<p>Ropa para mu\u00f1eca de 36 cm. Fabricado con material suave y resistente, f\u00e1cil de poner gracias a cintas de velcro. Incluye colgador. Mu\u00f1eca se vende por separado. Material : Genero C\u00f3digo Aukinko : 14-6220087 C\u00f3digo Convenio Marco : x<\/p>\n","protected":false},"featured_media":625518,"comment_status":"open","ping_status":"closed","template":"","meta":{"_et_pb_use_builder":"","_et_pb_old_content":"","_et_gb_content_width":""},"product_brand":[],"product_cat":[17,212],"product_tag":[],"class_list":{"0":"post-572196","1":"product","2":"type-product","3":"status-publish","4":"has-post-thumbnail","6":"product_cat-juegos-de-rol","7":"product_cat-munecos-y-figuras","8":"pa_edad-2-a-3-anos","9":"pa_edad-3-a-4-anos","10":"pa_edad-4-a-5-anos","11":"pa_edad-5-a-6-anos","12":"pa_edad-6-a-8-anos","13":"pa_marca-corolle","14":"pa_medidas-para-munecas-de-36-cm","16":"first","17":"instock","18":"shipping-taxable","19":"purchasable","20":"product-type-simple"},"aioseo_notices":[],"_links":{"self":[{"href":"https:\/\/aukinkochile.com\/web\/wp-json\/wp\/v2\/product\/572196","targetHints":{"allow":["GET"]}}],"collection":[{"href":"https:\/\/aukinkochile.com\/web\/wp-json\/wp\/v2\/product"}],"about":[{"href":"https:\/\/aukinkochile.com\/web\/wp-json\/wp\/v2\/types\/product"}],"replies":[{"embeddable":true,"href":"https:\/\/aukinkochile.com\/web\/wp-json\/wp\/v2\/comments?post=572196"}],"wp:featuredmedia":[{"embeddable":true,"href":"https:\/\/aukinkochile.com\/web\/wp-json\/wp\/v2\/media\/625518"}],"wp:attachment":[{"href":"https:\/\/aukinkochile.com\/web\/wp-json\/wp\/v2\/media?parent=572196"}],"wp:term":[{"taxonomy":"product_brand","embeddable":true,"href":"https:\/\/aukinkochile.com\/web\/wp-json\/wp\/v2\/product_brand?post=572196"},{"taxonomy":"product_cat","embeddable":true,"href":"https:\/\/aukinkochile.com\/web\/wp-json\/wp\/v2\/product_cat?post=572196"},{"taxonomy":"product_tag","embeddable":true,"href":"https:\/\/aukinkochile.com\/web\/wp-json\/wp\/v2\/product_tag?post=572196"}],"curies":[{"name":"wp","href":"https:\/\/api.w.org\/{rel}","templated":true}]}}