{"id":571872,"date":"2021-09-22T04:41:43","date_gmt":"2021-09-22T04:41:43","guid":{"rendered":"https:\/\/aukinkochile.com\/web\/producto\/juego-de-mesa-pequeno-recoger\/"},"modified":"2025-08-05T22:14:24","modified_gmt":"2025-08-05T22:14:24","slug":"juego-de-mesa-pequeno-recoger","status":"publish","type":"product","link":"https:\/\/aukinkochile.com\/web\/producto\/juego-de-mesa-pequeno-recoger\/","title":{"rendered":"Juego de Mesa Peque\u00f1o Recoger"},"content":{"rendered":"<p>Divertido juego para coleccionar tiernos conejitos, juego de colecci\u00f3n de 10 minutos para 2 jugadores. Estos juegos b\u00e1sicos con personajes adorables ayudan a ense\u00f1ar las habilidades b\u00e1sicas del juego.<\/p>\n<p><p><strong>Material : <\/strong> Cart\u00f3n y Pl\u00e1stico<\/p>\n<p><strong>C\u00f3digo Aukinko : <\/strong> 14-58558<\/p>\n<p><strong>C\u00f3digo Convenio Marco : <\/strong> x<\/p>\n","protected":false},"excerpt":{"rendered":"<p>Divertido juego para coleccionar tiernos conejitos, juego de colecci\u00f3n de 10 minutos para 2 jugadores. Estos juegos b\u00e1sicos con personajes adorables ayudan a ense\u00f1ar las habilidades b\u00e1sicas del juego. Material : Cart\u00f3n y Pl\u00e1stico C\u00f3digo Aukinko : 14-58558 C\u00f3digo Convenio Marco : x<\/p>\n","protected":false},"featured_media":624429,"comment_status":"open","ping_status":"closed","template":"","meta":{"_et_pb_use_builder":"","_et_pb_old_content":"","_et_gb_content_width":""},"product_brand":[],"product_cat":[149],"product_tag":[],"class_list":{"0":"post-571872","1":"product","2":"type-product","3":"status-publish","4":"has-post-thumbnail","6":"product_cat-juegos-de-mesa","7":"pa_edad-3-a-4-anos","8":"pa_edad-4-a-5-anos","9":"pa_marca-djeco","10":"pa_medidas-21-x-21-x-5-cm","12":"first","13":"instock","14":"shipping-taxable","15":"purchasable","16":"product-type-simple"},"aioseo_notices":[],"_links":{"self":[{"href":"https:\/\/aukinkochile.com\/web\/wp-json\/wp\/v2\/product\/571872","targetHints":{"allow":["GET"]}}],"collection":[{"href":"https:\/\/aukinkochile.com\/web\/wp-json\/wp\/v2\/product"}],"about":[{"href":"https:\/\/aukinkochile.com\/web\/wp-json\/wp\/v2\/types\/product"}],"replies":[{"embeddable":true,"href":"https:\/\/aukinkochile.com\/web\/wp-json\/wp\/v2\/comments?post=571872"}],"wp:featuredmedia":[{"embeddable":true,"href":"https:\/\/aukinkochile.com\/web\/wp-json\/wp\/v2\/media\/624429"}],"wp:attachment":[{"href":"https:\/\/aukinkochile.com\/web\/wp-json\/wp\/v2\/media?parent=571872"}],"wp:term":[{"taxonomy":"product_brand","embeddable":true,"href":"https:\/\/aukinkochile.com\/web\/wp-json\/wp\/v2\/product_brand?post=571872"},{"taxonomy":"product_cat","embeddable":true,"href":"https:\/\/aukinkochile.com\/web\/wp-json\/wp\/v2\/product_cat?post=571872"},{"taxonomy":"product_tag","embeddable":true,"href":"https:\/\/aukinkochile.com\/web\/wp-json\/wp\/v2\/product_tag?post=571872"}],"curies":[{"name":"wp","href":"https:\/\/api.w.org\/{rel}","templated":true}]}}