{"id":571699,"date":"2021-09-22T04:40:59","date_gmt":"2021-09-22T04:40:59","guid":{"rendered":"https:\/\/aukinkochile.com\/web\/producto\/puzle-silueta-24-pz-aladino\/"},"modified":"2025-08-05T22:13:45","modified_gmt":"2025-08-05T22:13:45","slug":"puzle-silueta-24-pz-aladino","status":"publish","type":"product","link":"https:\/\/aukinkochile.com\/web\/producto\/puzle-silueta-24-pz-aladino\/","title":{"rendered":"Puzle Silueta 24 pz Aladino"},"content":{"rendered":"<p>Puzle de 54 piezas que cuenta una entretenida historia. Su caja es la silueta de el tema de el puzle por lo que es tambi\u00e9n un decorativo adorno para la pieza de los ni\u00f1os. De gran calidad y resistencia. Puzle de 42 x 30 cm armado.<\/p>\n<p><p><strong>Material : <\/strong> Cart\u00f3n Duro<\/p>\n<p><strong>C\u00f3digo Aukinko : <\/strong> 14-57281<\/p>\n<p><strong>C\u00f3digo Convenio Marco : <\/strong> x<\/p>\n","protected":false},"excerpt":{"rendered":"<p>Puzle de 54 piezas que cuenta una entretenida historia. Su caja es la silueta de el tema de el puzle por lo que es tambi\u00e9n un decorativo adorno para la pieza de los ni\u00f1os. De gran calidad y resistencia. Puzle de 42 x 30 cm armado. Material : Cart\u00f3n Duro C\u00f3digo Aukinko : 14-57281 C\u00f3digo [&hellip;]<\/p>\n","protected":false},"featured_media":624478,"comment_status":"open","ping_status":"closed","template":"","meta":{"_et_pb_use_builder":"","_et_pb_old_content":"","_et_gb_content_width":""},"product_brand":[],"product_cat":[20,22],"product_tag":[],"class_list":{"0":"post-571699","1":"product","2":"type-product","3":"status-publish","4":"has-post-thumbnail","6":"product_cat-motricidad-fina","7":"product_cat-puzzles","8":"pa_edad-3-a-4-anos","9":"pa_edad-4-a-5-anos","10":"pa_edad-5-a-6-anos","11":"pa_edad-6-a-8-anos","12":"pa_marca-djeco","13":"pa_medidas-4430","14":"pa_medidas-6-x-6-cm-caja","15":"pa_medidas-7-x-26","17":"first","18":"instock","19":"shipping-taxable","20":"purchasable","21":"product-type-simple"},"aioseo_notices":[],"_links":{"self":[{"href":"https:\/\/aukinkochile.com\/web\/wp-json\/wp\/v2\/product\/571699","targetHints":{"allow":["GET"]}}],"collection":[{"href":"https:\/\/aukinkochile.com\/web\/wp-json\/wp\/v2\/product"}],"about":[{"href":"https:\/\/aukinkochile.com\/web\/wp-json\/wp\/v2\/types\/product"}],"replies":[{"embeddable":true,"href":"https:\/\/aukinkochile.com\/web\/wp-json\/wp\/v2\/comments?post=571699"}],"wp:featuredmedia":[{"embeddable":true,"href":"https:\/\/aukinkochile.com\/web\/wp-json\/wp\/v2\/media\/624478"}],"wp:attachment":[{"href":"https:\/\/aukinkochile.com\/web\/wp-json\/wp\/v2\/media?parent=571699"}],"wp:term":[{"taxonomy":"product_brand","embeddable":true,"href":"https:\/\/aukinkochile.com\/web\/wp-json\/wp\/v2\/product_brand?post=571699"},{"taxonomy":"product_cat","embeddable":true,"href":"https:\/\/aukinkochile.com\/web\/wp-json\/wp\/v2\/product_cat?post=571699"},{"taxonomy":"product_tag","embeddable":true,"href":"https:\/\/aukinkochile.com\/web\/wp-json\/wp\/v2\/product_tag?post=571699"}],"curies":[{"name":"wp","href":"https:\/\/api.w.org\/{rel}","templated":true}]}}