{"id":571477,"date":"2021-09-22T04:40:07","date_gmt":"2021-09-22T04:40:07","guid":{"rendered":"https:\/\/aukinkochile.com\/web\/producto\/cartas-bataplouf\/"},"modified":"2025-08-05T22:12:53","modified_gmt":"2025-08-05T22:12:53","slug":"cartas-bataplouf","status":"publish","type":"product","link":"https:\/\/aukinkochile.com\/web\/producto\/cartas-bataplouf\/","title":{"rendered":"Cartas Bataplouf"},"content":{"rendered":"<p>Este juego de batalla se juega en el ba\u00f1o, es un juego de observaci\u00f3n y velocidad, debemos observar a los 5 animales marinos nadando en el ba\u00f1o, en caso de batalla plouf, tienes que atrapar al pez. Para ni\u00f1os de entre 4 a 8 a\u00f1os.<\/p>\n<p><p><strong>Material : <\/strong> Pl\u00e1stico<\/p>\n<p><strong>C\u00f3digo Aukinko : <\/strong> 14-55156<\/p>\n<p><strong>C\u00f3digo Convenio Marco : <\/strong> x<\/p>\n","protected":false},"excerpt":{"rendered":"<p>Este juego de batalla se juega en el ba\u00f1o, es un juego de observaci\u00f3n y velocidad, debemos observar a los 5 animales marinos nadando en el ba\u00f1o, en caso de batalla plouf, tienes que atrapar al pez. Para ni\u00f1os de entre 4 a 8 a\u00f1os. Material : Pl\u00e1stico C\u00f3digo Aukinko : 14-55156 C\u00f3digo Convenio Marco [&hellip;]<\/p>\n","protected":false},"featured_media":624422,"comment_status":"open","ping_status":"closed","template":"","meta":{"_et_pb_use_builder":"","_et_pb_old_content":"","_et_gb_content_width":""},"product_brand":[],"product_cat":[149],"product_tag":[],"class_list":{"0":"post-571477","1":"product","2":"type-product","3":"status-publish","4":"has-post-thumbnail","6":"product_cat-juegos-de-mesa","7":"pa_edad-4-a-5-anos","8":"pa_edad-5-a-6-anos","9":"pa_edad-6-a-8-anos","10":"pa_edad-8-a-10-anos","11":"pa_marca-djeco","12":"pa_medidas-4501","13":"pa_medidas-5-x-11","14":"pa_medidas-5-x-3-cm","16":"first","17":"instock","18":"shipping-taxable","19":"purchasable","20":"product-type-simple"},"aioseo_notices":[],"_links":{"self":[{"href":"https:\/\/aukinkochile.com\/web\/wp-json\/wp\/v2\/product\/571477","targetHints":{"allow":["GET"]}}],"collection":[{"href":"https:\/\/aukinkochile.com\/web\/wp-json\/wp\/v2\/product"}],"about":[{"href":"https:\/\/aukinkochile.com\/web\/wp-json\/wp\/v2\/types\/product"}],"replies":[{"embeddable":true,"href":"https:\/\/aukinkochile.com\/web\/wp-json\/wp\/v2\/comments?post=571477"}],"wp:featuredmedia":[{"embeddable":true,"href":"https:\/\/aukinkochile.com\/web\/wp-json\/wp\/v2\/media\/624422"}],"wp:attachment":[{"href":"https:\/\/aukinkochile.com\/web\/wp-json\/wp\/v2\/media?parent=571477"}],"wp:term":[{"taxonomy":"product_brand","embeddable":true,"href":"https:\/\/aukinkochile.com\/web\/wp-json\/wp\/v2\/product_brand?post=571477"},{"taxonomy":"product_cat","embeddable":true,"href":"https:\/\/aukinkochile.com\/web\/wp-json\/wp\/v2\/product_cat?post=571477"},{"taxonomy":"product_tag","embeddable":true,"href":"https:\/\/aukinkochile.com\/web\/wp-json\/wp\/v2\/product_tag?post=571477"}],"curies":[{"name":"wp","href":"https:\/\/api.w.org\/{rel}","templated":true}]}}