{"id":571403,"date":"2021-09-22T04:39:48","date_gmt":"2021-09-22T04:39:48","guid":{"rendered":"https:\/\/aukinkochile.com\/web\/producto\/cumpleanos-caja-selva\/"},"modified":"2025-08-05T22:12:42","modified_gmt":"2025-08-05T22:12:42","slug":"cumpleanos-caja-selva","status":"publish","type":"product","link":"https:\/\/aukinkochile.com\/web\/producto\/cumpleanos-caja-selva\/","title":{"rendered":"Cumplea\u00f1os caja Selva"},"content":{"rendered":"<p>Caja cumplea\u00f1era que incluye 8 vasos (4 motivos de animales distintos), 16 servilletas de papel y 8 platos de 22,5 cm di\u00e1metro (4 motivos de animales distintos) para decorar las fiestas de los ni\u00f1os. De alta calidad y bell\u00edsimo dise\u00f1o.<\/p>\n<p><p><strong>Material : <\/strong> Cart\u00f3n y Papel<\/p>\n<p><strong>C\u00f3digo Aukinko : <\/strong> 14-54790<\/p>\n<p><strong>C\u00f3digo Convenio Marco : <\/strong> x<\/p>\n","protected":false},"excerpt":{"rendered":"<p>Caja cumplea\u00f1era que incluye 8 vasos (4 motivos de animales distintos), 16 servilletas de papel y 8 platos de 22,5 cm di\u00e1metro (4 motivos de animales distintos) para decorar las fiestas de los ni\u00f1os. De alta calidad y bell\u00edsimo dise\u00f1o. Material : Cart\u00f3n y Papel C\u00f3digo Aukinko : 14-54790 C\u00f3digo Convenio Marco : x<\/p>\n","protected":false},"featured_media":624458,"comment_status":"open","ping_status":"closed","template":"","meta":{"_et_pb_use_builder":"","_et_pb_old_content":"","_et_gb_content_width":""},"product_brand":[],"product_cat":[21],"product_tag":[],"class_list":{"0":"post-571403","1":"product","2":"type-product","3":"status-publish","4":"has-post-thumbnail","6":"product_cat-arte-y-manipulacion","7":"pa_edad-3-a-4-anos","8":"pa_edad-4-a-5-anos","9":"pa_edad-5-a-6-anos","10":"pa_edad-6-a-8-anos","11":"pa_edad-8-a-10-anos","12":"pa_marca-djeco","13":"pa_medidas-24-x-24-x-10-cm-caja","15":"first","16":"instock","17":"shipping-taxable","18":"purchasable","19":"product-type-simple"},"aioseo_notices":[],"_links":{"self":[{"href":"https:\/\/aukinkochile.com\/web\/wp-json\/wp\/v2\/product\/571403","targetHints":{"allow":["GET"]}}],"collection":[{"href":"https:\/\/aukinkochile.com\/web\/wp-json\/wp\/v2\/product"}],"about":[{"href":"https:\/\/aukinkochile.com\/web\/wp-json\/wp\/v2\/types\/product"}],"replies":[{"embeddable":true,"href":"https:\/\/aukinkochile.com\/web\/wp-json\/wp\/v2\/comments?post=571403"}],"wp:featuredmedia":[{"embeddable":true,"href":"https:\/\/aukinkochile.com\/web\/wp-json\/wp\/v2\/media\/624458"}],"wp:attachment":[{"href":"https:\/\/aukinkochile.com\/web\/wp-json\/wp\/v2\/media?parent=571403"}],"wp:term":[{"taxonomy":"product_brand","embeddable":true,"href":"https:\/\/aukinkochile.com\/web\/wp-json\/wp\/v2\/product_brand?post=571403"},{"taxonomy":"product_cat","embeddable":true,"href":"https:\/\/aukinkochile.com\/web\/wp-json\/wp\/v2\/product_cat?post=571403"},{"taxonomy":"product_tag","embeddable":true,"href":"https:\/\/aukinkochile.com\/web\/wp-json\/wp\/v2\/product_tag?post=571403"}],"curies":[{"name":"wp","href":"https:\/\/api.w.org\/{rel}","templated":true}]}}