{"id":571373,"date":"2021-09-22T04:39:42","date_gmt":"2021-09-22T04:39:42","guid":{"rendered":"https:\/\/aukinkochile.com\/web\/producto\/movil-peces\/"},"modified":"2025-08-05T22:12:41","modified_gmt":"2025-08-05T22:12:41","slug":"movil-peces","status":"publish","type":"product","link":"https:\/\/aukinkochile.com\/web\/producto\/movil-peces\/","title":{"rendered":"M\u00f3vil Peces"},"content":{"rendered":"<p>Precioso m\u00f3vil con estructura de metal, figuras de polipropileno e hilos de nylon. Un juego sutil de equilibrio entre el sue\u00f1o y la realidad. Este hermoso m\u00f3vil de Djeco ser\u00e1 la mejor forma de decorar los espacios. Con un dise\u00f1o hermoso y la calidad que caracteriza a esta hermosa marca francesa.<\/p>\n<p><p><strong>Material : <\/strong> Polipropileno<\/p>\n<p><strong>C\u00f3digo Aukinko : <\/strong> 14-54374<\/p>\n<p><strong>C\u00f3digo Convenio Marco : <\/strong> x<\/p>\n","protected":false},"excerpt":{"rendered":"<p>Precioso m\u00f3vil con estructura de metal, figuras de polipropileno e hilos de nylon. Un juego sutil de equilibrio entre el sue\u00f1o y la realidad. Este hermoso m\u00f3vil de Djeco ser\u00e1 la mejor forma de decorar los espacios. Con un dise\u00f1o hermoso y la calidad que caracteriza a esta hermosa marca francesa. Material : Polipropileno C\u00f3digo [&hellip;]<\/p>\n","protected":false},"featured_media":624452,"comment_status":"open","ping_status":"closed","template":"","meta":{"_et_pb_use_builder":"","_et_pb_old_content":"","_et_gb_content_width":""},"product_brand":[],"product_cat":[21,23],"product_tag":[],"class_list":{"0":"post-571373","1":"product","2":"type-product","3":"status-publish","4":"has-post-thumbnail","6":"product_cat-arte-y-manipulacion","7":"product_cat-primeros-anos","8":"pa_edad-0-a-1-ano","9":"pa_edad-1-a-2-anos","10":"pa_edad-2-a-3-anos","11":"pa_edad-3-a-4-anos","12":"pa_edad-4-a-5-anos","13":"pa_edad-5-a-6-anos","14":"pa_edad-6-a-8-anos","15":"pa_edad-8-a-10-anos","16":"pa_marca-djeco","17":"pa_medidas-17-x-1-x-50-cm","19":"first","20":"instock","21":"shipping-taxable","22":"purchasable","23":"product-type-simple"},"aioseo_notices":[],"_links":{"self":[{"href":"https:\/\/aukinkochile.com\/web\/wp-json\/wp\/v2\/product\/571373","targetHints":{"allow":["GET"]}}],"collection":[{"href":"https:\/\/aukinkochile.com\/web\/wp-json\/wp\/v2\/product"}],"about":[{"href":"https:\/\/aukinkochile.com\/web\/wp-json\/wp\/v2\/types\/product"}],"replies":[{"embeddable":true,"href":"https:\/\/aukinkochile.com\/web\/wp-json\/wp\/v2\/comments?post=571373"}],"wp:featuredmedia":[{"embeddable":true,"href":"https:\/\/aukinkochile.com\/web\/wp-json\/wp\/v2\/media\/624452"}],"wp:attachment":[{"href":"https:\/\/aukinkochile.com\/web\/wp-json\/wp\/v2\/media?parent=571373"}],"wp:term":[{"taxonomy":"product_brand","embeddable":true,"href":"https:\/\/aukinkochile.com\/web\/wp-json\/wp\/v2\/product_brand?post=571373"},{"taxonomy":"product_cat","embeddable":true,"href":"https:\/\/aukinkochile.com\/web\/wp-json\/wp\/v2\/product_cat?post=571373"},{"taxonomy":"product_tag","embeddable":true,"href":"https:\/\/aukinkochile.com\/web\/wp-json\/wp\/v2\/product_tag?post=571373"}],"curies":[{"name":"wp","href":"https:\/\/api.w.org\/{rel}","templated":true}]}}