{"id":571125,"date":"2021-09-22T04:38:43","date_gmt":"2021-09-22T04:38:43","guid":{"rendered":"https:\/\/aukinkochile.com\/web\/producto\/puzle-madera-numeros-piramidix\/"},"modified":"2024-01-11T18:05:08","modified_gmt":"2024-01-11T18:05:08","slug":"puzle-madera-numeros-piramidix","status":"publish","type":"product","link":"https:\/\/aukinkochile.com\/web\/producto\/puzle-madera-numeros-piramidix\/","title":{"rendered":"Puzle Madera N\u00fameros Piramidix"},"content":{"rendered":"<p>Puzle tridimensional para desarrollar la comprensi\u00f3n de n\u00fameros y cantidades, as\u00ed como tambi\u00e9n la facultad de percepci\u00f3n y concentraci\u00f3n.<\/p>\n<p><p><strong>Material : <\/strong> MADERA<\/p>\n<p><strong>C\u00f3digo Aukinko : <\/strong> 14-316124<\/p>\n<p><strong>C\u00f3digo Convenio Marco : <\/strong> x<\/p>\n","protected":false},"excerpt":{"rendered":"<p>Puzle tridimensional para desarrollar la comprensi\u00f3n de n\u00fameros y cantidades, as\u00ed como tambi\u00e9n la facultad de percepci\u00f3n y concentraci\u00f3n. Material : MADERA C\u00f3digo Aukinko : 14-316124 C\u00f3digo Convenio Marco : x<\/p>\n","protected":false},"featured_media":627386,"comment_status":"open","ping_status":"closed","template":"","meta":{"_et_pb_use_builder":"","_et_pb_old_content":"","_et_gb_content_width":""},"product_brand":[],"product_cat":[20,22],"product_tag":[],"class_list":{"0":"post-571125","1":"product","2":"type-product","3":"status-publish","4":"has-post-thumbnail","6":"product_cat-motricidad-fina","7":"product_cat-puzzles","8":"pa_edad-5-a-6-anos","9":"pa_edad-6-a-8-anos","10":"pa_marca-beleduc","11":"pa_medidas-24-x-24","12":"pa_medidas-5-x-12-cm","14":"first","15":"instock","16":"sale","17":"shipping-taxable","18":"purchasable","19":"product-type-simple"},"aioseo_notices":[],"_links":{"self":[{"href":"https:\/\/aukinkochile.com\/web\/wp-json\/wp\/v2\/product\/571125","targetHints":{"allow":["GET"]}}],"collection":[{"href":"https:\/\/aukinkochile.com\/web\/wp-json\/wp\/v2\/product"}],"about":[{"href":"https:\/\/aukinkochile.com\/web\/wp-json\/wp\/v2\/types\/product"}],"replies":[{"embeddable":true,"href":"https:\/\/aukinkochile.com\/web\/wp-json\/wp\/v2\/comments?post=571125"}],"wp:featuredmedia":[{"embeddable":true,"href":"https:\/\/aukinkochile.com\/web\/wp-json\/wp\/v2\/media\/627386"}],"wp:attachment":[{"href":"https:\/\/aukinkochile.com\/web\/wp-json\/wp\/v2\/media?parent=571125"}],"wp:term":[{"taxonomy":"product_brand","embeddable":true,"href":"https:\/\/aukinkochile.com\/web\/wp-json\/wp\/v2\/product_brand?post=571125"},{"taxonomy":"product_cat","embeddable":true,"href":"https:\/\/aukinkochile.com\/web\/wp-json\/wp\/v2\/product_cat?post=571125"},{"taxonomy":"product_tag","embeddable":true,"href":"https:\/\/aukinkochile.com\/web\/wp-json\/wp\/v2\/product_tag?post=571125"}],"curies":[{"name":"wp","href":"https:\/\/api.w.org\/{rel}","templated":true}]}}