{"id":571117,"date":"2021-09-22T04:38:42","date_gmt":"2021-09-22T04:38:42","guid":{"rendered":"https:\/\/aukinkochile.com\/web\/producto\/puzle-madera-tarugo-3-pz-juguetes\/"},"modified":"2024-01-11T18:05:07","modified_gmt":"2024-01-11T18:05:07","slug":"puzle-madera-tarugo-3-pz-juguetes","status":"publish","type":"product","link":"https:\/\/aukinkochile.com\/web\/producto\/puzle-madera-tarugo-3-pz-juguetes\/","title":{"rendered":"Puzle Madera Tarugo 3 pz Juguetes"},"content":{"rendered":"<p>Puzle de madera con tarugo de encaje triangular de 3 piezas. De excelente calidad y precioso dise\u00f1o. De f\u00e1cil calce para los mas peque\u00f1os.<\/p>\n<p><p><strong>Material : <\/strong> MADERA<\/p>\n<p><strong>C\u00f3digo Aukinko : <\/strong> 14-310121<\/p>\n<p><strong>C\u00f3digo Convenio Marco : <\/strong> x<\/p>\n","protected":false},"excerpt":{"rendered":"<p>Puzle de madera con tarugo de encaje triangular de 3 piezas. De excelente calidad y precioso dise\u00f1o. De f\u00e1cil calce para los mas peque\u00f1os. Material : MADERA C\u00f3digo Aukinko : 14-310121 C\u00f3digo Convenio Marco : x<\/p>\n","protected":false},"featured_media":627384,"comment_status":"open","ping_status":"closed","template":"","meta":{"_et_pb_use_builder":"","_et_pb_old_content":"","_et_gb_content_width":""},"product_brand":[],"product_cat":[20,22],"product_tag":[],"class_list":{"0":"post-571117","1":"product","2":"type-product","3":"status-publish","4":"has-post-thumbnail","6":"product_cat-motricidad-fina","7":"product_cat-puzzles","8":"pa_edad-1-a-2-anos","9":"pa_edad-2-a-3-anos","10":"pa_edad-3-a-4-anos","11":"pa_marca-beleduc","12":"pa_medidas-26-x-26-x-1-cm","14":"first","15":"instock","16":"sale","17":"shipping-taxable","18":"purchasable","19":"product-type-simple"},"aioseo_notices":[],"_links":{"self":[{"href":"https:\/\/aukinkochile.com\/web\/wp-json\/wp\/v2\/product\/571117","targetHints":{"allow":["GET"]}}],"collection":[{"href":"https:\/\/aukinkochile.com\/web\/wp-json\/wp\/v2\/product"}],"about":[{"href":"https:\/\/aukinkochile.com\/web\/wp-json\/wp\/v2\/types\/product"}],"replies":[{"embeddable":true,"href":"https:\/\/aukinkochile.com\/web\/wp-json\/wp\/v2\/comments?post=571117"}],"wp:featuredmedia":[{"embeddable":true,"href":"https:\/\/aukinkochile.com\/web\/wp-json\/wp\/v2\/media\/627384"}],"wp:attachment":[{"href":"https:\/\/aukinkochile.com\/web\/wp-json\/wp\/v2\/media?parent=571117"}],"wp:term":[{"taxonomy":"product_brand","embeddable":true,"href":"https:\/\/aukinkochile.com\/web\/wp-json\/wp\/v2\/product_brand?post=571117"},{"taxonomy":"product_cat","embeddable":true,"href":"https:\/\/aukinkochile.com\/web\/wp-json\/wp\/v2\/product_cat?post=571117"},{"taxonomy":"product_tag","embeddable":true,"href":"https:\/\/aukinkochile.com\/web\/wp-json\/wp\/v2\/product_tag?post=571117"}],"curies":[{"name":"wp","href":"https:\/\/api.w.org\/{rel}","templated":true}]}}