{"id":571013,"date":"2021-09-22T04:38:18","date_gmt":"2021-09-22T04:38:18","guid":{"rendered":"https:\/\/aukinkochile.com\/web\/producto\/casa-de-munecos-con-base\/"},"modified":"2024-01-11T16:16:22","modified_gmt":"2024-01-11T16:16:22","slug":"casa-de-munecos-con-base","status":"publish","type":"product","link":"https:\/\/aukinkochile.com\/web\/producto\/casa-de-munecos-con-base\/","title":{"rendered":"Casa De Mu\u00f1ecos con Base"},"content":{"rendered":"<p>Preciosa casa de mu\u00f1ecos de fina madera y excelentes terminaciones. <\/p>\n<p><p><strong>Material : <\/strong> MADERA<\/p>\n<p><strong>C\u00f3digo Aukinko : <\/strong> 13-9711060<\/p>\n<p><strong>C\u00f3digo Convenio Marco : <\/strong> <\/p>\n","protected":false},"excerpt":{"rendered":"<p>Preciosa casa de mu\u00f1ecos de fina madera y excelentes terminaciones. Material : MADERA C\u00f3digo Aukinko : 13-9711060 C\u00f3digo Convenio Marco :<\/p>\n","protected":false},"featured_media":627376,"comment_status":"open","ping_status":"closed","template":"","meta":{"_et_pb_use_builder":"","_et_pb_old_content":"","_et_gb_content_width":""},"product_brand":[],"product_cat":[17],"product_tag":[],"class_list":{"0":"post-571013","1":"product","2":"type-product","3":"status-publish","4":"has-post-thumbnail","6":"product_cat-juegos-de-rol","7":"pa_edad-2-a-3-anos","8":"pa_edad-3-a-4-anos","9":"pa_edad-4-a-5-anos","10":"pa_edad-5-a-6-anos","11":"pa_marca-plantoys","13":"first","14":"instock","15":"sale","16":"shipping-taxable","17":"purchasable","18":"product-type-simple"},"aioseo_notices":[],"_links":{"self":[{"href":"https:\/\/aukinkochile.com\/web\/wp-json\/wp\/v2\/product\/571013","targetHints":{"allow":["GET"]}}],"collection":[{"href":"https:\/\/aukinkochile.com\/web\/wp-json\/wp\/v2\/product"}],"about":[{"href":"https:\/\/aukinkochile.com\/web\/wp-json\/wp\/v2\/types\/product"}],"replies":[{"embeddable":true,"href":"https:\/\/aukinkochile.com\/web\/wp-json\/wp\/v2\/comments?post=571013"}],"wp:featuredmedia":[{"embeddable":true,"href":"https:\/\/aukinkochile.com\/web\/wp-json\/wp\/v2\/media\/627376"}],"wp:attachment":[{"href":"https:\/\/aukinkochile.com\/web\/wp-json\/wp\/v2\/media?parent=571013"}],"wp:term":[{"taxonomy":"product_brand","embeddable":true,"href":"https:\/\/aukinkochile.com\/web\/wp-json\/wp\/v2\/product_brand?post=571013"},{"taxonomy":"product_cat","embeddable":true,"href":"https:\/\/aukinkochile.com\/web\/wp-json\/wp\/v2\/product_cat?post=571013"},{"taxonomy":"product_tag","embeddable":true,"href":"https:\/\/aukinkochile.com\/web\/wp-json\/wp\/v2\/product_tag?post=571013"}],"curies":[{"name":"wp","href":"https:\/\/api.w.org\/{rel}","templated":true}]}}