{"id":571007,"date":"2021-09-22T04:38:17","date_gmt":"2021-09-22T04:38:17","guid":{"rendered":"https:\/\/aukinkochile.com\/web\/producto\/libro-carton-mini-libro-objetos\/"},"modified":"2026-04-07T16:26:50","modified_gmt":"2026-04-07T16:26:50","slug":"libro-carton-mini-libro-objetos","status":"publish","type":"product","link":"https:\/\/aukinkochile.com\/web\/producto\/libro-carton-mini-libro-objetos\/","title":{"rendered":"Libro Cart\u00f3n Mini Objetos"},"content":{"rendered":"<p>Con este libro el ni\u00f1o se relacionara con los objetos cotidianos que lo rodean y podr\u00e1 conocer y aprender colores y palabras. Con colgante para cunas, coches y sillas de auto, con mordedor. De excelente material, durable y dise\u00f1o.<\/p>\n<p><p><strong>Material : <\/strong> Cart\u00f3n Duro<\/p>\n<p><strong>C\u00f3digo Aukinko : <\/strong> 13-331654<\/p>\n<p><strong>C\u00f3digo Convenio Marco : <\/strong> x<\/p>\n","protected":false},"excerpt":{"rendered":"<p>Con este libro el ni\u00f1o se relacionara con los objetos cotidianos que lo rodean y podr\u00e1 conocer y aprender colores y palabras. Con colgante para cunas, coches y sillas de auto, con mordedor. De excelente material, durable y dise\u00f1o. Material : Cart\u00f3n Duro C\u00f3digo Aukinko : 13-331654 C\u00f3digo Convenio Marco : x<\/p>\n","protected":false},"featured_media":627375,"comment_status":"open","ping_status":"closed","template":"","meta":{"_et_pb_use_builder":"","_et_pb_old_content":"","_et_gb_content_width":""},"product_brand":[],"product_cat":[151,23],"product_tag":[],"class_list":{"0":"post-571007","1":"product","2":"type-product","3":"status-publish","4":"has-post-thumbnail","6":"product_cat-lenguaje","7":"product_cat-primeros-anos","8":"pa_edad-1-a-2-anos","9":"pa_edad-2-a-3-anos","10":"pa_edad-3-a-4-anos","11":"pa_marca-ravensburger","12":"pa_medidas-4308","13":"pa_medidas-5-x-10","14":"pa_medidas-5-x-3-cm","16":"first","17":"instock","18":"shipping-taxable","19":"purchasable","20":"product-type-simple"},"aioseo_notices":[],"_links":{"self":[{"href":"https:\/\/aukinkochile.com\/web\/wp-json\/wp\/v2\/product\/571007","targetHints":{"allow":["GET"]}}],"collection":[{"href":"https:\/\/aukinkochile.com\/web\/wp-json\/wp\/v2\/product"}],"about":[{"href":"https:\/\/aukinkochile.com\/web\/wp-json\/wp\/v2\/types\/product"}],"replies":[{"embeddable":true,"href":"https:\/\/aukinkochile.com\/web\/wp-json\/wp\/v2\/comments?post=571007"}],"wp:featuredmedia":[{"embeddable":true,"href":"https:\/\/aukinkochile.com\/web\/wp-json\/wp\/v2\/media\/627375"}],"wp:attachment":[{"href":"https:\/\/aukinkochile.com\/web\/wp-json\/wp\/v2\/media?parent=571007"}],"wp:term":[{"taxonomy":"product_brand","embeddable":true,"href":"https:\/\/aukinkochile.com\/web\/wp-json\/wp\/v2\/product_brand?post=571007"},{"taxonomy":"product_cat","embeddable":true,"href":"https:\/\/aukinkochile.com\/web\/wp-json\/wp\/v2\/product_cat?post=571007"},{"taxonomy":"product_tag","embeddable":true,"href":"https:\/\/aukinkochile.com\/web\/wp-json\/wp\/v2\/product_tag?post=571007"}],"curies":[{"name":"wp","href":"https:\/\/api.w.org\/{rel}","templated":true}]}}