{"id":570981,"date":"2021-09-22T04:38:11","date_gmt":"2021-09-22T04:38:11","guid":{"rendered":"https:\/\/aukinkochile.com\/web\/producto\/juego-de-mesa-zahlenland\/"},"modified":"2026-04-07T16:26:50","modified_gmt":"2026-04-07T16:26:50","slug":"juego-de-mesa-zahlenland","status":"publish","type":"product","link":"https:\/\/aukinkochile.com\/web\/producto\/juego-de-mesa-zahlenland\/","title":{"rendered":"Juego de Mesa Zahlenland"},"content":{"rendered":"<p>Juego de valientes caballeros en varios pa\u00edses. Ayuda al valiente caballero a cazar. Juego de descubrimiento de un pa\u00eds. Juego ideal para la educaci\u00f3n temprana de las matem\u00e1ticas.<\/p>\n<p><p><strong>Material : <\/strong> Cart\u00f3n Duro<\/p>\n<p><strong>C\u00f3digo Aukinko : <\/strong> 13-325020<\/p>\n<p><strong>C\u00f3digo Convenio Marco : <\/strong> x<\/p>\n","protected":false},"excerpt":{"rendered":"<p>Juego de valientes caballeros en varios pa\u00edses. Ayuda al valiente caballero a cazar. Juego de descubrimiento de un pa\u00eds. Juego ideal para la educaci\u00f3n temprana de las matem\u00e1ticas. Material : Cart\u00f3n Duro C\u00f3digo Aukinko : 13-325020 C\u00f3digo Convenio Marco : x<\/p>\n","protected":false},"featured_media":627368,"comment_status":"open","ping_status":"closed","template":"","meta":{"_et_pb_use_builder":"","_et_pb_old_content":"","_et_gb_content_width":""},"product_brand":[],"product_cat":[149],"product_tag":[],"class_list":{"0":"post-570981","1":"product","2":"type-product","3":"status-publish","4":"has-post-thumbnail","6":"product_cat-juegos-de-mesa","7":"pa_edad-4-a-5-anos","8":"pa_edad-5-a-6-anos","9":"pa_edad-6-a-8-anos","10":"pa_edad-8-a-10-anos","11":"pa_marca-ravensburger","12":"pa_medidas-37-x-37-x-6-cm","14":"first","15":"instock","16":"shipping-taxable","17":"purchasable","18":"product-type-simple"},"aioseo_notices":[],"_links":{"self":[{"href":"https:\/\/aukinkochile.com\/web\/wp-json\/wp\/v2\/product\/570981","targetHints":{"allow":["GET"]}}],"collection":[{"href":"https:\/\/aukinkochile.com\/web\/wp-json\/wp\/v2\/product"}],"about":[{"href":"https:\/\/aukinkochile.com\/web\/wp-json\/wp\/v2\/types\/product"}],"replies":[{"embeddable":true,"href":"https:\/\/aukinkochile.com\/web\/wp-json\/wp\/v2\/comments?post=570981"}],"wp:featuredmedia":[{"embeddable":true,"href":"https:\/\/aukinkochile.com\/web\/wp-json\/wp\/v2\/media\/627368"}],"wp:attachment":[{"href":"https:\/\/aukinkochile.com\/web\/wp-json\/wp\/v2\/media?parent=570981"}],"wp:term":[{"taxonomy":"product_brand","embeddable":true,"href":"https:\/\/aukinkochile.com\/web\/wp-json\/wp\/v2\/product_brand?post=570981"},{"taxonomy":"product_cat","embeddable":true,"href":"https:\/\/aukinkochile.com\/web\/wp-json\/wp\/v2\/product_cat?post=570981"},{"taxonomy":"product_tag","embeddable":true,"href":"https:\/\/aukinkochile.com\/web\/wp-json\/wp\/v2\/product_tag?post=570981"}],"curies":[{"name":"wp","href":"https:\/\/api.w.org\/{rel}","templated":true}]}}