{"id":570960,"date":"2021-09-22T04:38:06","date_gmt":"2021-09-22T04:38:06","guid":{"rendered":"https:\/\/aukinkochile.com\/web\/producto\/puzle-1-pz-animales-bebe\/"},"modified":"2026-04-07T16:26:42","modified_gmt":"2026-04-07T16:26:42","slug":"puzle-1-pz-animales-bebe","status":"publish","type":"product","link":"https:\/\/aukinkochile.com\/web\/producto\/puzle-1-pz-animales-bebe\/","title":{"rendered":"Puzle 1 pz Animales Bebe"},"content":{"rendered":"<p>Juego de 10 tarjetas de diferentes animales, con el encaje de el animal. Contiene una bolsa de tela para guardar las tarjetas. <\/p>\n<p><p><strong>Material : <\/strong> Genero y Cart\u00f3n<\/p>\n<p><strong>C\u00f3digo Aukinko : <\/strong> 13-304413<\/p>\n<p><strong>C\u00f3digo Convenio Marco : <\/strong> x<\/p>\n","protected":false},"excerpt":{"rendered":"<p>Juego de 10 tarjetas de diferentes animales, con el encaje de el animal. Contiene una bolsa de tela para guardar las tarjetas. Material : Genero y Cart\u00f3n C\u00f3digo Aukinko : 13-304413 C\u00f3digo Convenio Marco : x<\/p>\n","protected":false},"featured_media":627365,"comment_status":"open","ping_status":"closed","template":"","meta":{"_et_pb_use_builder":"","_et_pb_old_content":"","_et_gb_content_width":""},"product_brand":[],"product_cat":[20,22],"product_tag":[],"class_list":{"0":"post-570960","1":"product","2":"type-product","3":"status-publish","4":"has-post-thumbnail","6":"product_cat-motricidad-fina","7":"product_cat-puzzles","8":"pa_edad-1-a-2-anos","9":"pa_marca-ravensburger","10":"pa_medidas-22-x-22-x-4","11":"pa_medidas-5-cm","13":"first","14":"instock","15":"shipping-taxable","16":"purchasable","17":"product-type-simple"},"aioseo_notices":[],"_links":{"self":[{"href":"https:\/\/aukinkochile.com\/web\/wp-json\/wp\/v2\/product\/570960","targetHints":{"allow":["GET"]}}],"collection":[{"href":"https:\/\/aukinkochile.com\/web\/wp-json\/wp\/v2\/product"}],"about":[{"href":"https:\/\/aukinkochile.com\/web\/wp-json\/wp\/v2\/types\/product"}],"replies":[{"embeddable":true,"href":"https:\/\/aukinkochile.com\/web\/wp-json\/wp\/v2\/comments?post=570960"}],"wp:featuredmedia":[{"embeddable":true,"href":"https:\/\/aukinkochile.com\/web\/wp-json\/wp\/v2\/media\/627365"}],"wp:attachment":[{"href":"https:\/\/aukinkochile.com\/web\/wp-json\/wp\/v2\/media?parent=570960"}],"wp:term":[{"taxonomy":"product_brand","embeddable":true,"href":"https:\/\/aukinkochile.com\/web\/wp-json\/wp\/v2\/product_brand?post=570960"},{"taxonomy":"product_cat","embeddable":true,"href":"https:\/\/aukinkochile.com\/web\/wp-json\/wp\/v2\/product_cat?post=570960"},{"taxonomy":"product_tag","embeddable":true,"href":"https:\/\/aukinkochile.com\/web\/wp-json\/wp\/v2\/product_tag?post=570960"}],"curies":[{"name":"wp","href":"https:\/\/api.w.org\/{rel}","templated":true}]}}