{"id":570958,"date":"2021-09-22T04:38:06","date_gmt":"2021-09-22T04:38:06","guid":{"rendered":"https:\/\/aukinkochile.com\/web\/producto\/puzle-madera-tarugo-10-pz-mis-herramientas\/"},"modified":"2026-04-07T16:26:41","modified_gmt":"2026-04-07T16:26:41","slug":"puzle-madera-tarugo-10-pz-mis-herramientas","status":"publish","type":"product","link":"https:\/\/aukinkochile.com\/web\/producto\/puzle-madera-tarugo-10-pz-mis-herramientas\/","title":{"rendered":"Puzle Madera Tarugo 10 pz Mis Herramientas"},"content":{"rendered":"<p>Puzle de madera de 10 piezas con tarugos pl\u00e1sticos. Hermosos y coloridos dibujos. De gran calidad.  <\/p>\n<p><p><strong>Material : <\/strong> Madera<\/p>\n<p><strong>C\u00f3digo Aukinko : <\/strong> 13-303668<\/p>\n<p><strong>C\u00f3digo Convenio Marco : <\/strong> x<\/p>\n","protected":false},"excerpt":{"rendered":"<p>Puzle de madera de 10 piezas con tarugos pl\u00e1sticos. Hermosos y coloridos dibujos. De gran calidad. Material : Madera C\u00f3digo Aukinko : 13-303668 C\u00f3digo Convenio Marco : x<\/p>\n","protected":false},"featured_media":627364,"comment_status":"open","ping_status":"closed","template":"","meta":{"_et_pb_use_builder":"","_et_pb_old_content":"","_et_gb_content_width":""},"product_brand":[],"product_cat":[20,22],"product_tag":[],"class_list":{"0":"post-570958","1":"product","2":"type-product","3":"status-publish","4":"has-post-thumbnail","6":"product_cat-motricidad-fina","7":"product_cat-puzzles","8":"pa_edad-2-a-3-anos","9":"pa_edad-3-a-4-anos","10":"pa_edad-4-a-5-anos","11":"pa_marca-ravensburger","12":"pa_medidas-4426","13":"pa_medidas-5-x-2-cm","14":"pa_medidas-5-x-30","16":"first","17":"instock","18":"shipping-taxable","19":"purchasable","20":"product-type-simple"},"aioseo_notices":[],"_links":{"self":[{"href":"https:\/\/aukinkochile.com\/web\/wp-json\/wp\/v2\/product\/570958","targetHints":{"allow":["GET"]}}],"collection":[{"href":"https:\/\/aukinkochile.com\/web\/wp-json\/wp\/v2\/product"}],"about":[{"href":"https:\/\/aukinkochile.com\/web\/wp-json\/wp\/v2\/types\/product"}],"replies":[{"embeddable":true,"href":"https:\/\/aukinkochile.com\/web\/wp-json\/wp\/v2\/comments?post=570958"}],"wp:featuredmedia":[{"embeddable":true,"href":"https:\/\/aukinkochile.com\/web\/wp-json\/wp\/v2\/media\/627364"}],"wp:attachment":[{"href":"https:\/\/aukinkochile.com\/web\/wp-json\/wp\/v2\/media?parent=570958"}],"wp:term":[{"taxonomy":"product_brand","embeddable":true,"href":"https:\/\/aukinkochile.com\/web\/wp-json\/wp\/v2\/product_brand?post=570958"},{"taxonomy":"product_cat","embeddable":true,"href":"https:\/\/aukinkochile.com\/web\/wp-json\/wp\/v2\/product_cat?post=570958"},{"taxonomy":"product_tag","embeddable":true,"href":"https:\/\/aukinkochile.com\/web\/wp-json\/wp\/v2\/product_tag?post=570958"}],"curies":[{"name":"wp","href":"https:\/\/api.w.org\/{rel}","templated":true}]}}