{"id":570940,"date":"2021-09-22T04:38:00","date_gmt":"2021-09-22T04:38:00","guid":{"rendered":"https:\/\/aukinkochile.com\/web\/producto\/juego-de-mesa-doble-tan-inteligente\/"},"modified":"2024-08-06T19:41:36","modified_gmt":"2024-08-06T19:41:36","slug":"juego-de-mesa-doble-tan-inteligente","status":"publish","type":"product","link":"https:\/\/aukinkochile.com\/web\/producto\/juego-de-mesa-doble-tan-inteligente\/","title":{"rendered":"Juego de Mesa Doble Tan Inteligente"},"content":{"rendered":"<p>Los jugadores que disfrutaron de jugar con el juego de mesa bastante inteligente amar\u00e1n jugar con el doble tan inteligente. Deber\u00e1n ser el doble de astutos para ganar este juego. Tendr\u00e1n que elegir los mejores puntajes de los dados para ingresarlos a las \u00e1reas de colores y lograr ser los ganadores. Para jugar de 1 a 4 jugadores. Edad recomendada a partir de 10 a\u00f1os.<\/p>\n<p><p><strong>Material : <\/strong> Cart\u00f3n y Papel<\/p>\n<p><strong>C\u00f3digo Aukinko : <\/strong> 13-288234<\/p>\n<p><strong>C\u00f3digo Convenio Marco : <\/strong> x<\/p>\n","protected":false},"excerpt":{"rendered":"<p>Los jugadores que disfrutaron de jugar con el juego de mesa bastante inteligente amar\u00e1n jugar con el doble tan inteligente. Deber\u00e1n ser el doble de astutos para ganar este juego. Tendr\u00e1n que elegir los mejores puntajes de los dados para ingresarlos a las \u00e1reas de colores y lograr ser los ganadores. Para jugar de 1 [&hellip;]<\/p>\n","protected":false},"featured_media":627357,"comment_status":"open","ping_status":"closed","template":"","meta":{"_et_pb_use_builder":"","_et_pb_old_content":"","_et_gb_content_width":""},"product_brand":[],"product_cat":[149],"product_tag":[],"class_list":{"0":"post-570940","1":"product","2":"type-product","3":"status-publish","4":"has-post-thumbnail","6":"product_cat-juegos-de-mesa","7":"pa_edad-10-anos","8":"pa_marca-schmidt","9":"pa_medidas-13-x-18-x-4-cm","11":"first","12":"instock","13":"shipping-taxable","14":"purchasable","15":"product-type-simple"},"aioseo_notices":[],"_links":{"self":[{"href":"https:\/\/aukinkochile.com\/web\/wp-json\/wp\/v2\/product\/570940","targetHints":{"allow":["GET"]}}],"collection":[{"href":"https:\/\/aukinkochile.com\/web\/wp-json\/wp\/v2\/product"}],"about":[{"href":"https:\/\/aukinkochile.com\/web\/wp-json\/wp\/v2\/types\/product"}],"replies":[{"embeddable":true,"href":"https:\/\/aukinkochile.com\/web\/wp-json\/wp\/v2\/comments?post=570940"}],"wp:featuredmedia":[{"embeddable":true,"href":"https:\/\/aukinkochile.com\/web\/wp-json\/wp\/v2\/media\/627357"}],"wp:attachment":[{"href":"https:\/\/aukinkochile.com\/web\/wp-json\/wp\/v2\/media?parent=570940"}],"wp:term":[{"taxonomy":"product_brand","embeddable":true,"href":"https:\/\/aukinkochile.com\/web\/wp-json\/wp\/v2\/product_brand?post=570940"},{"taxonomy":"product_cat","embeddable":true,"href":"https:\/\/aukinkochile.com\/web\/wp-json\/wp\/v2\/product_cat?post=570940"},{"taxonomy":"product_tag","embeddable":true,"href":"https:\/\/aukinkochile.com\/web\/wp-json\/wp\/v2\/product_tag?post=570940"}],"curies":[{"name":"wp","href":"https:\/\/api.w.org\/{rel}","templated":true}]}}