{"id":570934,"date":"2021-09-22T04:37:59","date_gmt":"2021-09-22T04:37:59","guid":{"rendered":"https:\/\/aukinkochile.com\/web\/producto\/juego-de-mesa-pequenos-caballos\/"},"modified":"2024-08-06T19:41:33","modified_gmt":"2024-08-06T19:41:33","slug":"juego-de-mesa-pequenos-caballos","status":"publish","type":"product","link":"https:\/\/aukinkochile.com\/web\/producto\/juego-de-mesa-pequenos-caballos\/","title":{"rendered":"Juego de Mesa Peque\u00f1os Caballos"},"content":{"rendered":"<p>\u00bfQui\u00e9n ser\u00e1 el primero en llevar a su caballo de vuelta al establo? Jue de Petits Chevaux es un cl\u00e1sico juego franc\u00e9s muy parecido al ludo, Schmidt lo recupera con su l\u00ednea de juegos cl\u00e1sicos para seguir disfrut\u00e1ndolo en familia. Sus piezas son de madera.<\/p>\n<p><p><strong>Material : <\/strong> Madera y Cart\u00f3n<\/p>\n<p><strong>C\u00f3digo Aukinko : <\/strong> 13-288111<\/p>\n<p><strong>C\u00f3digo Convenio Marco : <\/strong> x<\/p>\n","protected":false},"excerpt":{"rendered":"<p>\u00bfQui\u00e9n ser\u00e1 el primero en llevar a su caballo de vuelta al establo? Jue de Petits Chevaux es un cl\u00e1sico juego franc\u00e9s muy parecido al ludo, Schmidt lo recupera con su l\u00ednea de juegos cl\u00e1sicos para seguir disfrut\u00e1ndolo en familia. Sus piezas son de madera. Material : Madera y Cart\u00f3n C\u00f3digo Aukinko : 13-288111 C\u00f3digo [&hellip;]<\/p>\n","protected":false},"featured_media":627353,"comment_status":"open","ping_status":"closed","template":"","meta":{"_et_pb_use_builder":"","_et_pb_old_content":"","_et_gb_content_width":""},"product_brand":[],"product_cat":[149],"product_tag":[],"class_list":{"0":"post-570934","1":"product","2":"type-product","3":"status-publish","4":"has-post-thumbnail","6":"product_cat-juegos-de-mesa","7":"pa_edad-10-anos","8":"pa_edad-6-a-8-anos","9":"pa_edad-8-a-10-anos","10":"pa_marca-schmidt","11":"pa_medidas-19-x-27","12":"pa_medidas-5-x-6","13":"pa_medidas-7-cm","15":"first","16":"instock","17":"shipping-taxable","18":"purchasable","19":"product-type-simple"},"aioseo_notices":[],"_links":{"self":[{"href":"https:\/\/aukinkochile.com\/web\/wp-json\/wp\/v2\/product\/570934","targetHints":{"allow":["GET"]}}],"collection":[{"href":"https:\/\/aukinkochile.com\/web\/wp-json\/wp\/v2\/product"}],"about":[{"href":"https:\/\/aukinkochile.com\/web\/wp-json\/wp\/v2\/types\/product"}],"replies":[{"embeddable":true,"href":"https:\/\/aukinkochile.com\/web\/wp-json\/wp\/v2\/comments?post=570934"}],"wp:featuredmedia":[{"embeddable":true,"href":"https:\/\/aukinkochile.com\/web\/wp-json\/wp\/v2\/media\/627353"}],"wp:attachment":[{"href":"https:\/\/aukinkochile.com\/web\/wp-json\/wp\/v2\/media?parent=570934"}],"wp:term":[{"taxonomy":"product_brand","embeddable":true,"href":"https:\/\/aukinkochile.com\/web\/wp-json\/wp\/v2\/product_brand?post=570934"},{"taxonomy":"product_cat","embeddable":true,"href":"https:\/\/aukinkochile.com\/web\/wp-json\/wp\/v2\/product_cat?post=570934"},{"taxonomy":"product_tag","embeddable":true,"href":"https:\/\/aukinkochile.com\/web\/wp-json\/wp\/v2\/product_tag?post=570934"}],"curies":[{"name":"wp","href":"https:\/\/api.w.org\/{rel}","templated":true}]}}