{"id":570866,"date":"2021-09-22T04:37:40","date_gmt":"2021-09-22T04:37:40","guid":{"rendered":"https:\/\/aukinkochile.com\/web\/producto\/puzle-100-pz-bayala-y-dragon\/"},"modified":"2024-08-06T19:39:08","modified_gmt":"2024-08-06T19:39:08","slug":"puzle-100-pz-bayala-y-dragon","status":"publish","type":"product","link":"https:\/\/aukinkochile.com\/web\/producto\/puzle-100-pz-bayala-y-dragon\/","title":{"rendered":"Puzle 100 pz Bayala y Drag\u00f3n"},"content":{"rendered":"<p>Hermoso puzle de 100 piezas con las m\u00e1s lindas ilustraciones. De excelente calidad y hermoso dise\u00f1o. Medidas puzle armado 36.1 x 24,3 cm.<\/p>\n<p><p><strong>Material : <\/strong> Cart\u00f3n Grueso<\/p>\n<p><strong>C\u00f3digo Aukinko : <\/strong> 13-256335<\/p>\n<p><strong>C\u00f3digo Convenio Marco : <\/strong> x<\/p>\n","protected":false},"excerpt":{"rendered":"<p>Hermoso puzle de 100 piezas con las m\u00e1s lindas ilustraciones. De excelente calidad y hermoso dise\u00f1o. Medidas puzle armado 36.1 x 24,3 cm. Material : Cart\u00f3n Grueso C\u00f3digo Aukinko : 13-256335 C\u00f3digo Convenio Marco : x<\/p>\n","protected":false},"featured_media":627255,"comment_status":"open","ping_status":"closed","template":"","meta":{"_et_pb_use_builder":"","_et_pb_old_content":"","_et_gb_content_width":""},"product_brand":[],"product_cat":[20,22],"product_tag":[],"class_list":{"0":"post-570866","1":"product","2":"type-product","3":"status-publish","4":"has-post-thumbnail","6":"product_cat-motricidad-fina","7":"product_cat-puzzles","8":"pa_edad-10-anos","9":"pa_edad-6-a-8-anos","10":"pa_edad-8-a-10-anos","11":"pa_marca-schmidt","12":"pa_medidas-1-x-3","13":"pa_medidas-4394","14":"pa_medidas-5-x-19","15":"pa_medidas-6-cm","17":"first","18":"instock","19":"shipping-taxable","20":"purchasable","21":"product-type-simple"},"aioseo_notices":[],"_links":{"self":[{"href":"https:\/\/aukinkochile.com\/web\/wp-json\/wp\/v2\/product\/570866","targetHints":{"allow":["GET"]}}],"collection":[{"href":"https:\/\/aukinkochile.com\/web\/wp-json\/wp\/v2\/product"}],"about":[{"href":"https:\/\/aukinkochile.com\/web\/wp-json\/wp\/v2\/types\/product"}],"replies":[{"embeddable":true,"href":"https:\/\/aukinkochile.com\/web\/wp-json\/wp\/v2\/comments?post=570866"}],"wp:featuredmedia":[{"embeddable":true,"href":"https:\/\/aukinkochile.com\/web\/wp-json\/wp\/v2\/media\/627255"}],"wp:attachment":[{"href":"https:\/\/aukinkochile.com\/web\/wp-json\/wp\/v2\/media?parent=570866"}],"wp:term":[{"taxonomy":"product_brand","embeddable":true,"href":"https:\/\/aukinkochile.com\/web\/wp-json\/wp\/v2\/product_brand?post=570866"},{"taxonomy":"product_cat","embeddable":true,"href":"https:\/\/aukinkochile.com\/web\/wp-json\/wp\/v2\/product_cat?post=570866"},{"taxonomy":"product_tag","embeddable":true,"href":"https:\/\/aukinkochile.com\/web\/wp-json\/wp\/v2\/product_tag?post=570866"}],"curies":[{"name":"wp","href":"https:\/\/api.w.org\/{rel}","templated":true}]}}