{"id":570764,"date":"2021-09-22T04:37:16","date_gmt":"2021-09-22T04:37:16","guid":{"rendered":"https:\/\/aukinkochile.com\/web\/producto\/juego-de-mesa-knapp-daneben\/"},"modified":"2024-08-06T19:38:37","modified_gmt":"2024-08-06T19:38:37","slug":"juego-de-mesa-knapp-daneben","status":"publish","type":"product","link":"https:\/\/aukinkochile.com\/web\/producto\/juego-de-mesa-knapp-daneben\/","title":{"rendered":"Juego de Mesa Knapp Daneben"},"content":{"rendered":"<p>Divertido juego de dados en donde todos los jugadores tendr\u00e1n que estar muy atentos para no perder. Viene en una hermosa caja de metal para llevarlo a todas partes. Para jugar de 1 a 5 jugadores. Edad recomendada a partir de 8 a\u00f1os.<\/p>\n<p><p><strong>Material : <\/strong> Pl\u00e1stico y Cart\u00f3n<\/p>\n<p><strong>C\u00f3digo Aukinko : <\/strong> 13-251426<\/p>\n<p><strong>C\u00f3digo Convenio Marco : <\/strong> x<\/p>\n","protected":false},"excerpt":{"rendered":"<p>Divertido juego de dados en donde todos los jugadores tendr\u00e1n que estar muy atentos para no perder. Viene en una hermosa caja de metal para llevarlo a todas partes. Para jugar de 1 a 5 jugadores. Edad recomendada a partir de 8 a\u00f1os. Material : Pl\u00e1stico y Cart\u00f3n C\u00f3digo Aukinko : 13-251426 C\u00f3digo Convenio Marco [&hellip;]<\/p>\n","protected":false},"featured_media":627209,"comment_status":"open","ping_status":"closed","template":"","meta":{"_et_pb_use_builder":"","_et_pb_old_content":"","_et_gb_content_width":""},"product_brand":[],"product_cat":[149],"product_tag":[],"class_list":{"0":"post-570764","1":"product","2":"type-product","3":"status-publish","4":"has-post-thumbnail","6":"product_cat-juegos-de-mesa","7":"pa_edad-10-anos","8":"pa_marca-schmidt","9":"pa_medidas-4478","10":"pa_medidas-4-x-18","11":"pa_medidas-4-x-3","12":"pa_medidas-9-cm","14":"first","15":"instock","16":"shipping-taxable","17":"purchasable","18":"product-type-simple"},"aioseo_notices":[],"_links":{"self":[{"href":"https:\/\/aukinkochile.com\/web\/wp-json\/wp\/v2\/product\/570764","targetHints":{"allow":["GET"]}}],"collection":[{"href":"https:\/\/aukinkochile.com\/web\/wp-json\/wp\/v2\/product"}],"about":[{"href":"https:\/\/aukinkochile.com\/web\/wp-json\/wp\/v2\/types\/product"}],"replies":[{"embeddable":true,"href":"https:\/\/aukinkochile.com\/web\/wp-json\/wp\/v2\/comments?post=570764"}],"wp:featuredmedia":[{"embeddable":true,"href":"https:\/\/aukinkochile.com\/web\/wp-json\/wp\/v2\/media\/627209"}],"wp:attachment":[{"href":"https:\/\/aukinkochile.com\/web\/wp-json\/wp\/v2\/media?parent=570764"}],"wp:term":[{"taxonomy":"product_brand","embeddable":true,"href":"https:\/\/aukinkochile.com\/web\/wp-json\/wp\/v2\/product_brand?post=570764"},{"taxonomy":"product_cat","embeddable":true,"href":"https:\/\/aukinkochile.com\/web\/wp-json\/wp\/v2\/product_cat?post=570764"},{"taxonomy":"product_tag","embeddable":true,"href":"https:\/\/aukinkochile.com\/web\/wp-json\/wp\/v2\/product_tag?post=570764"}],"curies":[{"name":"wp","href":"https:\/\/api.w.org\/{rel}","templated":true}]}}