{"id":570732,"date":"2021-09-22T04:37:07","date_gmt":"2021-09-22T04:37:07","guid":{"rendered":"https:\/\/aukinkochile.com\/web\/producto\/juego-de-mesa-doble-inteligente-bloque-de-repuestos\/"},"modified":"2024-08-06T19:38:30","modified_gmt":"2024-08-06T19:38:30","slug":"juego-de-mesa-doble-inteligente-bloque-de-repuestos","status":"publish","type":"product","link":"https:\/\/aukinkochile.com\/web\/producto\/juego-de-mesa-doble-inteligente-bloque-de-repuestos\/","title":{"rendered":"Juego de Mesa \u00bfDoble Inteligente! Bloque Repuesto"},"content":{"rendered":"<p>Para este juego muy divertido llegan los bloques de reemplazo, no te los puedes perder. Para jugar de 1 a 4 jugadores, recomendado a partir de los 8 a\u00f1os de edad.<\/p>\n<p><p><strong>Material : <\/strong> Papel<\/p>\n<p><strong>C\u00f3digo Aukinko : <\/strong> 13-249360<\/p>\n<p><strong>C\u00f3digo Convenio Marco : <\/strong> x<\/p>\n","protected":false},"excerpt":{"rendered":"<p>Para este juego muy divertido llegan los bloques de reemplazo, no te los puedes perder. Para jugar de 1 a 4 jugadores, recomendado a partir de los 8 a\u00f1os de edad. Material : Papel C\u00f3digo Aukinko : 13-249360 C\u00f3digo Convenio Marco : x<\/p>\n","protected":false},"featured_media":627197,"comment_status":"open","ping_status":"closed","template":"","meta":{"_et_pb_use_builder":"","_et_pb_old_content":"","_et_gb_content_width":""},"product_brand":[],"product_cat":[150,149],"product_tag":[],"class_list":{"0":"post-570732","1":"product","2":"type-product","3":"status-publish","4":"has-post-thumbnail","6":"product_cat-asociacion-y-logica","7":"product_cat-juegos-de-mesa","8":"pa_edad-10-anos","9":"pa_edad-8-a-10-anos","10":"pa_marca-schmidt","11":"pa_medidas-12-x-17-x-13-cm","13":"first","14":"instock","15":"shipping-taxable","16":"purchasable","17":"product-type-simple"},"aioseo_notices":[],"_links":{"self":[{"href":"https:\/\/aukinkochile.com\/web\/wp-json\/wp\/v2\/product\/570732","targetHints":{"allow":["GET"]}}],"collection":[{"href":"https:\/\/aukinkochile.com\/web\/wp-json\/wp\/v2\/product"}],"about":[{"href":"https:\/\/aukinkochile.com\/web\/wp-json\/wp\/v2\/types\/product"}],"replies":[{"embeddable":true,"href":"https:\/\/aukinkochile.com\/web\/wp-json\/wp\/v2\/comments?post=570732"}],"wp:featuredmedia":[{"embeddable":true,"href":"https:\/\/aukinkochile.com\/web\/wp-json\/wp\/v2\/media\/627197"}],"wp:attachment":[{"href":"https:\/\/aukinkochile.com\/web\/wp-json\/wp\/v2\/media?parent=570732"}],"wp:term":[{"taxonomy":"product_brand","embeddable":true,"href":"https:\/\/aukinkochile.com\/web\/wp-json\/wp\/v2\/product_brand?post=570732"},{"taxonomy":"product_cat","embeddable":true,"href":"https:\/\/aukinkochile.com\/web\/wp-json\/wp\/v2\/product_cat?post=570732"},{"taxonomy":"product_tag","embeddable":true,"href":"https:\/\/aukinkochile.com\/web\/wp-json\/wp\/v2\/product_tag?post=570732"}],"curies":[{"name":"wp","href":"https:\/\/api.w.org\/{rel}","templated":true}]}}