{"id":570730,"date":"2021-09-22T04:37:07","date_gmt":"2021-09-22T04:37:07","guid":{"rendered":"https:\/\/aukinkochile.com\/web\/producto\/juego-de-mesa-muy-inteligente-bloque-de-repuesto\/"},"modified":"2024-08-06T19:38:29","modified_gmt":"2024-08-06T19:38:29","slug":"juego-de-mesa-muy-inteligente-bloque-de-repuesto","status":"publish","type":"product","link":"https:\/\/aukinkochile.com\/web\/producto\/juego-de-mesa-muy-inteligente-bloque-de-repuesto\/","title":{"rendered":"Juego de Mesa \u00a1Muy Inteligente! Bloque Repuesto"},"content":{"rendered":"<p>Este divertido juego esta recibiendo nuevos suministros. Todos los jugadores que han jugado su bloque de manera r\u00e1pida e inteligente ahora pueden encontrar los nuevos desaf\u00edos del bloque de repuesto. Para jugar de q a 4 jugadores, recomendado a partir de los 8 a\u00f1os de edad.<\/p>\n<p><p><strong>Material : <\/strong> Papel<\/p>\n<p><strong>C\u00f3digo Aukinko : <\/strong> 13-249355<\/p>\n<p><strong>C\u00f3digo Convenio Marco : <\/strong> x<\/p>\n","protected":false},"excerpt":{"rendered":"<p>Este divertido juego esta recibiendo nuevos suministros. Todos los jugadores que han jugado su bloque de manera r\u00e1pida e inteligente ahora pueden encontrar los nuevos desaf\u00edos del bloque de repuesto. Para jugar de q a 4 jugadores, recomendado a partir de los 8 a\u00f1os de edad. Material : Papel C\u00f3digo Aukinko : 13-249355 C\u00f3digo Convenio [&hellip;]<\/p>\n","protected":false},"featured_media":627196,"comment_status":"open","ping_status":"closed","template":"","meta":{"_et_pb_use_builder":"","_et_pb_old_content":"","_et_gb_content_width":""},"product_brand":[],"product_cat":[150,149],"product_tag":[],"class_list":{"0":"post-570730","1":"product","2":"type-product","3":"status-publish","4":"has-post-thumbnail","6":"product_cat-asociacion-y-logica","7":"product_cat-juegos-de-mesa","8":"pa_edad-10-anos","9":"pa_edad-8-a-10-anos","10":"pa_marca-schmidt","11":"pa_medidas-12-x-17-x-1-cm","13":"first","14":"instock","15":"shipping-taxable","16":"purchasable","17":"product-type-simple"},"aioseo_notices":[],"_links":{"self":[{"href":"https:\/\/aukinkochile.com\/web\/wp-json\/wp\/v2\/product\/570730","targetHints":{"allow":["GET"]}}],"collection":[{"href":"https:\/\/aukinkochile.com\/web\/wp-json\/wp\/v2\/product"}],"about":[{"href":"https:\/\/aukinkochile.com\/web\/wp-json\/wp\/v2\/types\/product"}],"replies":[{"embeddable":true,"href":"https:\/\/aukinkochile.com\/web\/wp-json\/wp\/v2\/comments?post=570730"}],"wp:featuredmedia":[{"embeddable":true,"href":"https:\/\/aukinkochile.com\/web\/wp-json\/wp\/v2\/media\/627196"}],"wp:attachment":[{"href":"https:\/\/aukinkochile.com\/web\/wp-json\/wp\/v2\/media?parent=570730"}],"wp:term":[{"taxonomy":"product_brand","embeddable":true,"href":"https:\/\/aukinkochile.com\/web\/wp-json\/wp\/v2\/product_brand?post=570730"},{"taxonomy":"product_cat","embeddable":true,"href":"https:\/\/aukinkochile.com\/web\/wp-json\/wp\/v2\/product_cat?post=570730"},{"taxonomy":"product_tag","embeddable":true,"href":"https:\/\/aukinkochile.com\/web\/wp-json\/wp\/v2\/product_tag?post=570730"}],"curies":[{"name":"wp","href":"https:\/\/api.w.org\/{rel}","templated":true}]}}