{"id":570726,"date":"2021-09-22T04:37:06","date_gmt":"2021-09-22T04:37:06","guid":{"rendered":"https:\/\/aukinkochile.com\/web\/producto\/juego-de-mesa-sobregarga\/"},"modified":"2024-08-06T19:38:26","modified_gmt":"2024-08-06T19:38:26","slug":"juego-de-mesa-sobregarga","status":"publish","type":"product","link":"https:\/\/aukinkochile.com\/web\/producto\/juego-de-mesa-sobregarga\/","title":{"rendered":"Juego de Mesa Sobrecarga"},"content":{"rendered":"<p>Este divertido juego no dar\u00e1 descanso a la diversi\u00f3n. cada vez que un pe\u00f3n pasa a otras figuras, se coloca un disco en cada una de las figuras adelantadas. Algo se acumula y le da puntos a su jugador, pero si la figura est\u00e1 sobrecargada, sale volando y tiene que comenzar de nuevo. Un gran juego t\u00e1ctico de carrera con pocas reglas y realmente emocionante. Para jugar de 3 a 5 jugadores, recomendado a partir de los 8 a\u00f1os de edad.<\/p>\n<p><p><strong>Material : <\/strong> Cart\u00f3n y Pl\u00e1stico<\/p>\n<p><strong>C\u00f3digo Aukinko : <\/strong> 13-249350<\/p>\n<p><strong>C\u00f3digo Convenio Marco : <\/strong> x<\/p>\n","protected":false},"excerpt":{"rendered":"<p>Este divertido juego no dar\u00e1 descanso a la diversi\u00f3n. cada vez que un pe\u00f3n pasa a otras figuras, se coloca un disco en cada una de las figuras adelantadas. Algo se acumula y le da puntos a su jugador, pero si la figura est\u00e1 sobrecargada, sale volando y tiene que comenzar de nuevo. Un gran [&hellip;]<\/p>\n","protected":false},"featured_media":627193,"comment_status":"open","ping_status":"closed","template":"","meta":{"_et_pb_use_builder":"","_et_pb_old_content":"","_et_gb_content_width":""},"product_brand":[],"product_cat":[150,149],"product_tag":[],"class_list":{"0":"post-570726","1":"product","2":"type-product","3":"status-publish","4":"has-post-thumbnail","6":"product_cat-asociacion-y-logica","7":"product_cat-juegos-de-mesa","8":"pa_edad-10-anos","9":"pa_edad-8-a-10-anos","10":"pa_marca-schmidt","11":"pa_medidas-19-x-27","12":"pa_medidas-5-x-6","13":"pa_medidas-7-cm","15":"first","16":"instock","17":"shipping-taxable","18":"purchasable","19":"product-type-simple"},"aioseo_notices":[],"_links":{"self":[{"href":"https:\/\/aukinkochile.com\/web\/wp-json\/wp\/v2\/product\/570726","targetHints":{"allow":["GET"]}}],"collection":[{"href":"https:\/\/aukinkochile.com\/web\/wp-json\/wp\/v2\/product"}],"about":[{"href":"https:\/\/aukinkochile.com\/web\/wp-json\/wp\/v2\/types\/product"}],"replies":[{"embeddable":true,"href":"https:\/\/aukinkochile.com\/web\/wp-json\/wp\/v2\/comments?post=570726"}],"wp:featuredmedia":[{"embeddable":true,"href":"https:\/\/aukinkochile.com\/web\/wp-json\/wp\/v2\/media\/627193"}],"wp:attachment":[{"href":"https:\/\/aukinkochile.com\/web\/wp-json\/wp\/v2\/media?parent=570726"}],"wp:term":[{"taxonomy":"product_brand","embeddable":true,"href":"https:\/\/aukinkochile.com\/web\/wp-json\/wp\/v2\/product_brand?post=570726"},{"taxonomy":"product_cat","embeddable":true,"href":"https:\/\/aukinkochile.com\/web\/wp-json\/wp\/v2\/product_cat?post=570726"},{"taxonomy":"product_tag","embeddable":true,"href":"https:\/\/aukinkochile.com\/web\/wp-json\/wp\/v2\/product_tag?post=570726"}],"curies":[{"name":"wp","href":"https:\/\/api.w.org\/{rel}","templated":true}]}}