{"id":570724,"date":"2021-09-22T04:37:06","date_gmt":"2021-09-22T04:37:06","guid":{"rendered":"https:\/\/aukinkochile.com\/web\/producto\/juego-de-mesa-brikks\/"},"modified":"2024-08-06T19:38:25","modified_gmt":"2024-08-06T19:38:25","slug":"juego-de-mesa-brikks","status":"publish","type":"product","link":"https:\/\/aukinkochile.com\/web\/producto\/juego-de-mesa-brikks\/","title":{"rendered":"Juego de Mesa Brikks"},"content":{"rendered":"<p>Este divertido juego es una continuaci\u00f3n del exitoso juego de dados \u00a1De nuevo! M\u00e1s complejo, este juego llevar\u00e1 a sus jugadores a ser estrat\u00e9gicos a la vez que el azar de los dados hace su parte. Para jugar de 1 a 4 jugadores. Edad recomendada a partir de 8 a\u00f1os.<\/p>\n<p><p><strong>Material : <\/strong> Pl\u00e1stico y Cart\u00f3n<\/p>\n<p><strong>C\u00f3digo Aukinko : <\/strong> 13-249346<\/p>\n<p><strong>C\u00f3digo Convenio Marco : <\/strong> x<\/p>\n","protected":false},"excerpt":{"rendered":"<p>Este divertido juego es una continuaci\u00f3n del exitoso juego de dados \u00a1De nuevo! M\u00e1s complejo, este juego llevar\u00e1 a sus jugadores a ser estrat\u00e9gicos a la vez que el azar de los dados hace su parte. Para jugar de 1 a 4 jugadores. Edad recomendada a partir de 8 a\u00f1os. Material : Pl\u00e1stico y Cart\u00f3n [&hellip;]<\/p>\n","protected":false},"featured_media":627192,"comment_status":"open","ping_status":"closed","template":"","meta":{"_et_pb_use_builder":"","_et_pb_old_content":"","_et_gb_content_width":""},"product_brand":[],"product_cat":[149],"product_tag":[],"class_list":{"0":"post-570724","1":"product","2":"type-product","3":"status-publish","4":"has-post-thumbnail","6":"product_cat-juegos-de-mesa","7":"pa_edad-10-anos","8":"pa_marca-schmidt","9":"pa_medidas-13-x-18-x-4-cm","11":"first","12":"instock","13":"shipping-taxable","14":"purchasable","15":"product-type-simple"},"aioseo_notices":[],"_links":{"self":[{"href":"https:\/\/aukinkochile.com\/web\/wp-json\/wp\/v2\/product\/570724","targetHints":{"allow":["GET"]}}],"collection":[{"href":"https:\/\/aukinkochile.com\/web\/wp-json\/wp\/v2\/product"}],"about":[{"href":"https:\/\/aukinkochile.com\/web\/wp-json\/wp\/v2\/types\/product"}],"replies":[{"embeddable":true,"href":"https:\/\/aukinkochile.com\/web\/wp-json\/wp\/v2\/comments?post=570724"}],"wp:featuredmedia":[{"embeddable":true,"href":"https:\/\/aukinkochile.com\/web\/wp-json\/wp\/v2\/media\/627192"}],"wp:attachment":[{"href":"https:\/\/aukinkochile.com\/web\/wp-json\/wp\/v2\/media?parent=570724"}],"wp:term":[{"taxonomy":"product_brand","embeddable":true,"href":"https:\/\/aukinkochile.com\/web\/wp-json\/wp\/v2\/product_brand?post=570724"},{"taxonomy":"product_cat","embeddable":true,"href":"https:\/\/aukinkochile.com\/web\/wp-json\/wp\/v2\/product_cat?post=570724"},{"taxonomy":"product_tag","embeddable":true,"href":"https:\/\/aukinkochile.com\/web\/wp-json\/wp\/v2\/product_tag?post=570724"}],"curies":[{"name":"wp","href":"https:\/\/api.w.org\/{rel}","templated":true}]}}