{"id":570720,"date":"2021-09-22T04:37:05","date_gmt":"2021-09-22T04:37:05","guid":{"rendered":"https:\/\/aukinkochile.com\/web\/producto\/juego-de-mesa-completto\/"},"modified":"2024-08-06T19:38:21","modified_gmt":"2024-08-06T19:38:21","slug":"juego-de-mesa-completto","status":"publish","type":"product","link":"https:\/\/aukinkochile.com\/web\/producto\/juego-de-mesa-completto\/","title":{"rendered":"Juego de Mesa Completto"},"content":{"rendered":"<p>Emocionante juego de colocaci\u00f3n de losetas. cada jugador debe intentar crear una fila de n\u00fameros en orden ascendente, de izquierda a derecha, formada por 22 losetas. El jugador que logre hacerlo primero ganar\u00e1 el juego. Sin embargo, al principio del juego, la mayor\u00eda de las losetas estar\u00e1n boca abajo. Debes planificar sabiamente al posicionar tus losetas y estar preparado para correr riesgos de vez en cuando&#8230;<\/p>\n<p><p><strong>Material : <\/strong> Pl\u00e1stico<\/p>\n<p><strong>C\u00f3digo Aukinko : <\/strong> 13-249315<\/p>\n<p><strong>C\u00f3digo Convenio Marco : <\/strong> x<\/p>\n","protected":false},"excerpt":{"rendered":"<p>Emocionante juego de colocaci\u00f3n de losetas. cada jugador debe intentar crear una fila de n\u00fameros en orden ascendente, de izquierda a derecha, formada por 22 losetas. El jugador que logre hacerlo primero ganar\u00e1 el juego. Sin embargo, al principio del juego, la mayor\u00eda de las losetas estar\u00e1n boca abajo. Debes planificar sabiamente al posicionar tus [&hellip;]<\/p>\n","protected":false},"featured_media":627188,"comment_status":"open","ping_status":"closed","template":"","meta":{"_et_pb_use_builder":"","_et_pb_old_content":"","_et_gb_content_width":""},"product_brand":[],"product_cat":[149],"product_tag":[],"class_list":{"0":"post-570720","1":"product","2":"type-product","3":"status-publish","4":"has-post-thumbnail","6":"product_cat-juegos-de-mesa","7":"pa_edad-10-anos","8":"pa_edad-8-a-10-anos","9":"pa_marca-schmidt","10":"pa_medidas-5-x-6","11":"pa_medidas-7-cm","12":"pa_medidas-caja-19-x-27","14":"first","15":"instock","16":"shipping-taxable","17":"purchasable","18":"product-type-simple"},"aioseo_notices":[],"_links":{"self":[{"href":"https:\/\/aukinkochile.com\/web\/wp-json\/wp\/v2\/product\/570720","targetHints":{"allow":["GET"]}}],"collection":[{"href":"https:\/\/aukinkochile.com\/web\/wp-json\/wp\/v2\/product"}],"about":[{"href":"https:\/\/aukinkochile.com\/web\/wp-json\/wp\/v2\/types\/product"}],"replies":[{"embeddable":true,"href":"https:\/\/aukinkochile.com\/web\/wp-json\/wp\/v2\/comments?post=570720"}],"wp:featuredmedia":[{"embeddable":true,"href":"https:\/\/aukinkochile.com\/web\/wp-json\/wp\/v2\/media\/627188"}],"wp:attachment":[{"href":"https:\/\/aukinkochile.com\/web\/wp-json\/wp\/v2\/media?parent=570720"}],"wp:term":[{"taxonomy":"product_brand","embeddable":true,"href":"https:\/\/aukinkochile.com\/web\/wp-json\/wp\/v2\/product_brand?post=570720"},{"taxonomy":"product_cat","embeddable":true,"href":"https:\/\/aukinkochile.com\/web\/wp-json\/wp\/v2\/product_cat?post=570720"},{"taxonomy":"product_tag","embeddable":true,"href":"https:\/\/aukinkochile.com\/web\/wp-json\/wp\/v2\/product_tag?post=570720"}],"curies":[{"name":"wp","href":"https:\/\/api.w.org\/{rel}","templated":true}]}}