{"id":570714,"date":"2021-09-22T04:37:04","date_gmt":"2021-09-22T04:37:04","guid":{"rendered":"https:\/\/aukinkochile.com\/web\/producto\/juego-de-mesa-halma\/"},"modified":"2024-08-06T19:38:20","modified_gmt":"2024-08-06T19:38:20","slug":"juego-de-mesa-halma","status":"publish","type":"product","link":"https:\/\/aukinkochile.com\/web\/producto\/juego-de-mesa-halma\/","title":{"rendered":"Juego de Mesa Halma"},"content":{"rendered":"<p>Divertido juego de damas chinas con dos tableros como variantes. Incluye 2 tableros de madera, instrucciones de juego para 24 variantes de juego, figuras. Para jugar de 1 a 4 jugadores. Edad recomendada a partir de 8 a\u00f1os.<\/p>\n<p><p><strong>Material : <\/strong> Madera y Pl\u00e1stico<\/p>\n<p><strong>C\u00f3digo Aukinko : <\/strong> 13-249217<\/p>\n<p><strong>C\u00f3digo Convenio Marco : <\/strong> x<\/p>\n","protected":false},"excerpt":{"rendered":"<p>Divertido juego de damas chinas con dos tableros como variantes. Incluye 2 tableros de madera, instrucciones de juego para 24 variantes de juego, figuras. Para jugar de 1 a 4 jugadores. Edad recomendada a partir de 8 a\u00f1os. Material : Madera y Pl\u00e1stico C\u00f3digo Aukinko : 13-249217 C\u00f3digo Convenio Marco : x<\/p>\n","protected":false},"featured_media":627186,"comment_status":"open","ping_status":"closed","template":"","meta":{"_et_pb_use_builder":"","_et_pb_old_content":"","_et_gb_content_width":""},"product_brand":[],"product_cat":[149],"product_tag":[],"class_list":{"0":"post-570714","1":"product","2":"type-product","3":"status-publish","4":"has-post-thumbnail","6":"product_cat-juegos-de-mesa","7":"pa_edad-10-anos","8":"pa_marca-schmidt","9":"pa_medidas-19-x-27","10":"pa_medidas-5-x-6","11":"pa_medidas-7-cm","13":"first","14":"instock","15":"shipping-taxable","16":"purchasable","17":"product-type-simple"},"aioseo_notices":[],"_links":{"self":[{"href":"https:\/\/aukinkochile.com\/web\/wp-json\/wp\/v2\/product\/570714","targetHints":{"allow":["GET"]}}],"collection":[{"href":"https:\/\/aukinkochile.com\/web\/wp-json\/wp\/v2\/product"}],"about":[{"href":"https:\/\/aukinkochile.com\/web\/wp-json\/wp\/v2\/types\/product"}],"replies":[{"embeddable":true,"href":"https:\/\/aukinkochile.com\/web\/wp-json\/wp\/v2\/comments?post=570714"}],"wp:featuredmedia":[{"embeddable":true,"href":"https:\/\/aukinkochile.com\/web\/wp-json\/wp\/v2\/media\/627186"}],"wp:attachment":[{"href":"https:\/\/aukinkochile.com\/web\/wp-json\/wp\/v2\/media?parent=570714"}],"wp:term":[{"taxonomy":"product_brand","embeddable":true,"href":"https:\/\/aukinkochile.com\/web\/wp-json\/wp\/v2\/product_brand?post=570714"},{"taxonomy":"product_cat","embeddable":true,"href":"https:\/\/aukinkochile.com\/web\/wp-json\/wp\/v2\/product_cat?post=570714"},{"taxonomy":"product_tag","embeddable":true,"href":"https:\/\/aukinkochile.com\/web\/wp-json\/wp\/v2\/product_tag?post=570714"}],"curies":[{"name":"wp","href":"https:\/\/api.w.org\/{rel}","templated":true}]}}