{"id":570704,"date":"2021-09-22T04:37:02","date_gmt":"2021-09-22T04:37:02","guid":{"rendered":"https:\/\/aukinkochile.com\/web\/producto\/juego-de-mesa-hombre\/"},"modified":"2024-08-06T19:38:15","modified_gmt":"2024-08-06T19:38:15","slug":"juego-de-mesa-hombre","status":"publish","type":"product","link":"https:\/\/aukinkochile.com\/web\/producto\/juego-de-mesa-hombre\/","title":{"rendered":"Juego de Mesa Hombre"},"content":{"rendered":"<p>Este divertido juego de mesa dar\u00e1 diversi\u00f3n a grandes y chicos. Un juego cl\u00e1sico en Alemania, desarrollado ahora con figuras extra grandes y tablero de madera. Para jugar de 2 a 6 jugadores. Edad recomendada a partir de 6 a\u00f1os. Incluye un tablero de juego para 6 jugadores, figuras de madera extra grandes y dados.<\/p>\n<p><p><strong>Material : <\/strong> Madera y Pl\u00e1stico<\/p>\n<p><strong>C\u00f3digo Aukinko : <\/strong> 13-249085<\/p>\n<p><strong>C\u00f3digo Convenio Marco : <\/strong> x<\/p>\n","protected":false},"excerpt":{"rendered":"<p>Este divertido juego de mesa dar\u00e1 diversi\u00f3n a grandes y chicos. Un juego cl\u00e1sico en Alemania, desarrollado ahora con figuras extra grandes y tablero de madera. Para jugar de 2 a 6 jugadores. Edad recomendada a partir de 6 a\u00f1os. Incluye un tablero de juego para 6 jugadores, figuras de madera extra grandes y dados. [&hellip;]<\/p>\n","protected":false},"featured_media":627178,"comment_status":"open","ping_status":"closed","template":"","meta":{"_et_pb_use_builder":"","_et_pb_old_content":"","_et_gb_content_width":""},"product_brand":[],"product_cat":[149],"product_tag":[],"class_list":{"0":"post-570704","1":"product","2":"type-product","3":"status-publish","4":"has-post-thumbnail","6":"product_cat-juegos-de-mesa","7":"pa_edad-10-anos","8":"pa_edad-6-a-8-anos","9":"pa_edad-8-a-10-anos","10":"pa_marca-schmidt","11":"pa_medidas-19-x-27","12":"pa_medidas-5-x-6","13":"pa_medidas-7-cm","15":"first","16":"instock","17":"shipping-taxable","18":"purchasable","19":"product-type-simple"},"aioseo_notices":[],"_links":{"self":[{"href":"https:\/\/aukinkochile.com\/web\/wp-json\/wp\/v2\/product\/570704","targetHints":{"allow":["GET"]}}],"collection":[{"href":"https:\/\/aukinkochile.com\/web\/wp-json\/wp\/v2\/product"}],"about":[{"href":"https:\/\/aukinkochile.com\/web\/wp-json\/wp\/v2\/types\/product"}],"replies":[{"embeddable":true,"href":"https:\/\/aukinkochile.com\/web\/wp-json\/wp\/v2\/comments?post=570704"}],"wp:featuredmedia":[{"embeddable":true,"href":"https:\/\/aukinkochile.com\/web\/wp-json\/wp\/v2\/media\/627178"}],"wp:attachment":[{"href":"https:\/\/aukinkochile.com\/web\/wp-json\/wp\/v2\/media?parent=570704"}],"wp:term":[{"taxonomy":"product_brand","embeddable":true,"href":"https:\/\/aukinkochile.com\/web\/wp-json\/wp\/v2\/product_brand?post=570704"},{"taxonomy":"product_cat","embeddable":true,"href":"https:\/\/aukinkochile.com\/web\/wp-json\/wp\/v2\/product_cat?post=570704"},{"taxonomy":"product_tag","embeddable":true,"href":"https:\/\/aukinkochile.com\/web\/wp-json\/wp\/v2\/product_tag?post=570704"}],"curies":[{"name":"wp","href":"https:\/\/api.w.org\/{rel}","templated":true}]}}