{"id":570682,"date":"2021-09-22T04:36:56","date_gmt":"2021-09-22T04:36:56","guid":{"rendered":"https:\/\/aukinkochile.com\/web\/producto\/juego-de-mesa-kullerhexe\/"},"modified":"2024-08-06T19:38:04","modified_gmt":"2024-08-06T19:38:04","slug":"juego-de-mesa-kullerhexe","status":"publish","type":"product","link":"https:\/\/aukinkochile.com\/web\/producto\/juego-de-mesa-kullerhexe\/","title":{"rendered":"Juego de Mesa Kullerhexe"},"content":{"rendered":"<p>Dirige a la bruja rodante hacia los objetos que est\u00e1 buscando. El jugador que colecciona la mayor\u00eda de objetos y, por lo tanto, la mayor\u00eda de las fichas de bayas, \u00a1gana el juego! Debes jugar hasta que la \u00faltima estrella haya sido puesta en uno de los \u00e1rboles. Ahora mira para ver qui\u00e9n ha reunido la mayor cantidad de fichas de bayas en su cueva de gnomo. Para hacerlo, retira el tablero del juego de la caja. \u00a1El jugador con m\u00e1s bayas gana el juego!<\/p>\n<p><p><strong>Material : <\/strong> Cart\u00f3n Grueso<\/p>\n<p><strong>C\u00f3digo Aukinko : <\/strong> 13-240878<\/p>\n<p><strong>C\u00f3digo Convenio Marco : <\/strong> x<\/p>\n","protected":false},"excerpt":{"rendered":"<p>Dirige a la bruja rodante hacia los objetos que est\u00e1 buscando. El jugador que colecciona la mayor\u00eda de objetos y, por lo tanto, la mayor\u00eda de las fichas de bayas, \u00a1gana el juego! Debes jugar hasta que la \u00faltima estrella haya sido puesta en uno de los \u00e1rboles. Ahora mira para ver qui\u00e9n ha reunido [&hellip;]<\/p>\n","protected":false},"featured_media":627166,"comment_status":"open","ping_status":"closed","template":"","meta":{"_et_pb_use_builder":"","_et_pb_old_content":"","_et_gb_content_width":""},"product_brand":[],"product_cat":[149],"product_tag":[],"class_list":{"0":"post-570682","1":"product","2":"type-product","3":"status-publish","4":"has-post-thumbnail","6":"product_cat-juegos-de-mesa","7":"pa_edad-10-anos","8":"pa_edad-8-a-10-anos","9":"pa_marca-schmidt","10":"pa_medidas-5-cm","11":"pa_medidas-5-x-34","12":"pa_medidas-5-x-6","13":"pa_medidas-caja-34","15":"first","16":"instock","17":"shipping-taxable","18":"purchasable","19":"product-type-simple"},"aioseo_notices":[],"_links":{"self":[{"href":"https:\/\/aukinkochile.com\/web\/wp-json\/wp\/v2\/product\/570682","targetHints":{"allow":["GET"]}}],"collection":[{"href":"https:\/\/aukinkochile.com\/web\/wp-json\/wp\/v2\/product"}],"about":[{"href":"https:\/\/aukinkochile.com\/web\/wp-json\/wp\/v2\/types\/product"}],"replies":[{"embeddable":true,"href":"https:\/\/aukinkochile.com\/web\/wp-json\/wp\/v2\/comments?post=570682"}],"wp:featuredmedia":[{"embeddable":true,"href":"https:\/\/aukinkochile.com\/web\/wp-json\/wp\/v2\/media\/627166"}],"wp:attachment":[{"href":"https:\/\/aukinkochile.com\/web\/wp-json\/wp\/v2\/media?parent=570682"}],"wp:term":[{"taxonomy":"product_brand","embeddable":true,"href":"https:\/\/aukinkochile.com\/web\/wp-json\/wp\/v2\/product_brand?post=570682"},{"taxonomy":"product_cat","embeddable":true,"href":"https:\/\/aukinkochile.com\/web\/wp-json\/wp\/v2\/product_cat?post=570682"},{"taxonomy":"product_tag","embeddable":true,"href":"https:\/\/aukinkochile.com\/web\/wp-json\/wp\/v2\/product_tag?post=570682"}],"curies":[{"name":"wp","href":"https:\/\/api.w.org\/{rel}","templated":true}]}}