{"id":570680,"date":"2021-09-22T04:36:56","date_gmt":"2021-09-22T04:36:56","guid":{"rendered":"https:\/\/aukinkochile.com\/web\/producto\/juego-de-mesa-la-torre-encantada\/"},"modified":"2024-08-06T19:38:02","modified_gmt":"2024-08-06T19:38:02","slug":"juego-de-mesa-la-torre-encantada","status":"publish","type":"product","link":"https:\/\/aukinkochile.com\/web\/producto\/juego-de-mesa-la-torre-encantada\/","title":{"rendered":"Juego de Mesa La Torre Encantada"},"content":{"rendered":"<p>La princesa est\u00e1 encerrada en la torre y el malvado hechicero escondi\u00f3 la llave en el bosque. Los jugadores deben ser r\u00e1pidos al buscar, pero con cuidado porque el mago intenta anticiparse a todos. Quien encuentre el escondite podr\u00e1 liberar a la princesa, pero atenci\u00f3n, \u00a1la torre est\u00e1 encantada! Solo cuando se encuentre el candado correcto, la princesa saltar\u00e1 alegremente fuera de la torre. Para jugar de 2 a 4 jugadores.<\/p>\n<p><p><strong>Material : <\/strong> Cart\u00f3n Grueso<\/p>\n<p><strong>C\u00f3digo Aukinko : <\/strong> 13-240867<\/p>\n<p><strong>C\u00f3digo Convenio Marco : <\/strong> x<\/p>\n","protected":false},"excerpt":{"rendered":"<p>La princesa est\u00e1 encerrada en la torre y el malvado hechicero escondi\u00f3 la llave en el bosque. Los jugadores deben ser r\u00e1pidos al buscar, pero con cuidado porque el mago intenta anticiparse a todos. Quien encuentre el escondite podr\u00e1 liberar a la princesa, pero atenci\u00f3n, \u00a1la torre est\u00e1 encantada! Solo cuando se encuentre el candado [&hellip;]<\/p>\n","protected":false},"featured_media":627164,"comment_status":"open","ping_status":"closed","template":"","meta":{"_et_pb_use_builder":"","_et_pb_old_content":"","_et_gb_content_width":""},"product_brand":[],"product_cat":[149],"product_tag":[],"class_list":{"0":"post-570680","1":"product","2":"type-product","3":"status-publish","4":"has-post-thumbnail","6":"product_cat-juegos-de-mesa","7":"pa_edad-5-a-6-anos","8":"pa_edad-6-a-8-anos","9":"pa_edad-8-a-10-anos","10":"pa_marca-schmidt","11":"pa_medidas-5-x-29","12":"pa_medidas-5-x-7-cm","13":"pa_medidas-caja-29","15":"first","16":"instock","17":"shipping-taxable","18":"purchasable","19":"product-type-simple"},"aioseo_notices":[],"_links":{"self":[{"href":"https:\/\/aukinkochile.com\/web\/wp-json\/wp\/v2\/product\/570680","targetHints":{"allow":["GET"]}}],"collection":[{"href":"https:\/\/aukinkochile.com\/web\/wp-json\/wp\/v2\/product"}],"about":[{"href":"https:\/\/aukinkochile.com\/web\/wp-json\/wp\/v2\/types\/product"}],"replies":[{"embeddable":true,"href":"https:\/\/aukinkochile.com\/web\/wp-json\/wp\/v2\/comments?post=570680"}],"wp:featuredmedia":[{"embeddable":true,"href":"https:\/\/aukinkochile.com\/web\/wp-json\/wp\/v2\/media\/627164"}],"wp:attachment":[{"href":"https:\/\/aukinkochile.com\/web\/wp-json\/wp\/v2\/media?parent=570680"}],"wp:term":[{"taxonomy":"product_brand","embeddable":true,"href":"https:\/\/aukinkochile.com\/web\/wp-json\/wp\/v2\/product_brand?post=570680"},{"taxonomy":"product_cat","embeddable":true,"href":"https:\/\/aukinkochile.com\/web\/wp-json\/wp\/v2\/product_cat?post=570680"},{"taxonomy":"product_tag","embeddable":true,"href":"https:\/\/aukinkochile.com\/web\/wp-json\/wp\/v2\/product_tag?post=570680"}],"curies":[{"name":"wp","href":"https:\/\/api.w.org\/{rel}","templated":true}]}}