{"id":570666,"date":"2021-09-22T04:36:54","date_gmt":"2021-09-22T04:36:54","guid":{"rendered":"https:\/\/aukinkochile.com\/web\/producto\/juego-de-mesa-cuidado\/"},"modified":"2024-08-06T19:37:54","modified_gmt":"2024-08-06T19:37:54","slug":"juego-de-mesa-cuidado","status":"publish","type":"product","link":"https:\/\/aukinkochile.com\/web\/producto\/juego-de-mesa-cuidado\/","title":{"rendered":"Juego de Mesa Cuidado!"},"content":{"rendered":"<p>Este divertido juego demostrar\u00e1 qui\u00e9n es el m\u00e1s \u00e1gil, porque m\u00e1s r\u00e1pido de lo que pensabas podr\u00e1s ser atrapado\u2026 estando tan alerta, la diversi\u00f3n est\u00e1 asegurada. Es un cl\u00e1sico desde hace m\u00e1s de 60 a\u00f1os y es popular entre j\u00f3venes y mayores. Un juego divertido de habilidades motrices finas, ideal para jugar de 2 a 6 jugadores. La edad recomendada es a partir de 3 a\u00f1os.<\/p>\n<p><p><strong>Material : <\/strong> Cart\u00f3n y Pl\u00e1stico<\/p>\n<p><strong>C\u00f3digo Aukinko : <\/strong> 13-240531<\/p>\n<p><strong>C\u00f3digo Convenio Marco : <\/strong> x<\/p>\n","protected":false},"excerpt":{"rendered":"<p>Este divertido juego demostrar\u00e1 qui\u00e9n es el m\u00e1s \u00e1gil, porque m\u00e1s r\u00e1pido de lo que pensabas podr\u00e1s ser atrapado\u2026 estando tan alerta, la diversi\u00f3n est\u00e1 asegurada. Es un cl\u00e1sico desde hace m\u00e1s de 60 a\u00f1os y es popular entre j\u00f3venes y mayores. Un juego divertido de habilidades motrices finas, ideal para jugar de 2 a [&hellip;]<\/p>\n","protected":false},"featured_media":627156,"comment_status":"open","ping_status":"closed","template":"","meta":{"_et_pb_use_builder":"","_et_pb_old_content":"","_et_gb_content_width":""},"product_brand":[],"product_cat":[149],"product_tag":[],"class_list":{"0":"post-570666","1":"product","2":"type-product","3":"status-publish","4":"has-post-thumbnail","6":"product_cat-juegos-de-mesa","7":"pa_edad-3-a-4-anos","8":"pa_edad-4-a-5-anos","9":"pa_edad-5-a-6-anos","10":"pa_edad-6-a-8-anos","11":"pa_marca-schmidt","12":"pa_medidas-11-x-18-x-7-cm","14":"first","15":"instock","16":"shipping-taxable","17":"purchasable","18":"product-type-simple"},"aioseo_notices":[],"_links":{"self":[{"href":"https:\/\/aukinkochile.com\/web\/wp-json\/wp\/v2\/product\/570666","targetHints":{"allow":["GET"]}}],"collection":[{"href":"https:\/\/aukinkochile.com\/web\/wp-json\/wp\/v2\/product"}],"about":[{"href":"https:\/\/aukinkochile.com\/web\/wp-json\/wp\/v2\/types\/product"}],"replies":[{"embeddable":true,"href":"https:\/\/aukinkochile.com\/web\/wp-json\/wp\/v2\/comments?post=570666"}],"wp:featuredmedia":[{"embeddable":true,"href":"https:\/\/aukinkochile.com\/web\/wp-json\/wp\/v2\/media\/627156"}],"wp:attachment":[{"href":"https:\/\/aukinkochile.com\/web\/wp-json\/wp\/v2\/media?parent=570666"}],"wp:term":[{"taxonomy":"product_brand","embeddable":true,"href":"https:\/\/aukinkochile.com\/web\/wp-json\/wp\/v2\/product_brand?post=570666"},{"taxonomy":"product_cat","embeddable":true,"href":"https:\/\/aukinkochile.com\/web\/wp-json\/wp\/v2\/product_cat?post=570666"},{"taxonomy":"product_tag","embeddable":true,"href":"https:\/\/aukinkochile.com\/web\/wp-json\/wp\/v2\/product_tag?post=570666"}],"curies":[{"name":"wp","href":"https:\/\/api.w.org\/{rel}","templated":true}]}}