{"id":570590,"date":"2021-09-22T04:36:35","date_gmt":"2021-09-22T04:36:35","guid":{"rendered":"https:\/\/aukinkochile.com\/web\/producto\/silla-muneca-multiuso-plastico\/"},"modified":"2023-11-22T19:31:28","modified_gmt":"2023-11-22T19:31:28","slug":"silla-muneca-multiuso-plastico","status":"publish","type":"product","link":"https:\/\/aukinkochile.com\/web\/producto\/silla-muneca-multiuso-plastico\/","title":{"rendered":"Silla Mu\u00f1eca Multiuso"},"content":{"rendered":"<p>Silla para mu\u00f1ecas 4 en 1. Silla de comida, silla de auto, balanc\u00edn y columpio. De colorido y femenino dise\u00f1o. La mu\u00f1eca no viene incluida.<\/p>\n<p><p><strong>Material : <\/strong> PLASTICO RESISTENTE<\/p>\n<p><strong>C\u00f3digo Aukinko : <\/strong> 12-91682<\/p>\n<p><strong>C\u00f3digo Convenio Marco : <\/strong> <\/p>\n","protected":false},"excerpt":{"rendered":"<p>Silla para mu\u00f1ecas 4 en 1. Silla de comida, silla de auto, balanc\u00edn y columpio. De colorido y femenino dise\u00f1o. La mu\u00f1eca no viene incluida. Material : PLASTICO RESISTENTE C\u00f3digo Aukinko : 12-91682 C\u00f3digo Convenio Marco :<\/p>\n","protected":false},"featured_media":625718,"comment_status":"open","ping_status":"closed","template":"","meta":{"_et_pb_use_builder":"","_et_pb_old_content":"","_et_gb_content_width":""},"product_brand":[],"product_cat":[17],"product_tag":[],"class_list":{"0":"post-570590","1":"product","2":"type-product","3":"status-publish","4":"has-post-thumbnail","6":"product_cat-juegos-de-rol","7":"pa_edad-2-a-3-anos","8":"pa_edad-3-a-4-anos","9":"pa_edad-4-a-5-anos","10":"pa_edad-5-a-6-anos","11":"pa_edad-6-a-8-anos","12":"pa_marca-klein","13":"pa_medidas-55-x-45-x-19-cm-caja","15":"first","16":"instock","17":"shipping-taxable","18":"purchasable","19":"product-type-simple"},"aioseo_notices":[],"_links":{"self":[{"href":"https:\/\/aukinkochile.com\/web\/wp-json\/wp\/v2\/product\/570590","targetHints":{"allow":["GET"]}}],"collection":[{"href":"https:\/\/aukinkochile.com\/web\/wp-json\/wp\/v2\/product"}],"about":[{"href":"https:\/\/aukinkochile.com\/web\/wp-json\/wp\/v2\/types\/product"}],"replies":[{"embeddable":true,"href":"https:\/\/aukinkochile.com\/web\/wp-json\/wp\/v2\/comments?post=570590"}],"wp:featuredmedia":[{"embeddable":true,"href":"https:\/\/aukinkochile.com\/web\/wp-json\/wp\/v2\/media\/625718"}],"wp:attachment":[{"href":"https:\/\/aukinkochile.com\/web\/wp-json\/wp\/v2\/media?parent=570590"}],"wp:term":[{"taxonomy":"product_brand","embeddable":true,"href":"https:\/\/aukinkochile.com\/web\/wp-json\/wp\/v2\/product_brand?post=570590"},{"taxonomy":"product_cat","embeddable":true,"href":"https:\/\/aukinkochile.com\/web\/wp-json\/wp\/v2\/product_cat?post=570590"},{"taxonomy":"product_tag","embeddable":true,"href":"https:\/\/aukinkochile.com\/web\/wp-json\/wp\/v2\/product_tag?post=570590"}],"curies":[{"name":"wp","href":"https:\/\/api.w.org\/{rel}","templated":true}]}}