{"id":570524,"date":"2021-09-22T04:36:20","date_gmt":"2021-09-22T04:36:20","guid":{"rendered":"https:\/\/aukinkochile.com\/web\/producto\/titere-genero-cazador\/"},"modified":"2024-07-11T13:26:10","modified_gmt":"2024-07-11T13:26:10","slug":"titere-genero-cazador","status":"publish","type":"product","link":"https:\/\/aukinkochile.com\/web\/producto\/titere-genero-cazador\/","title":{"rendered":"T\u00edtere Genero Cazador"},"content":{"rendered":"<p>Hermoso t\u00edtere de Cazador fabricado en g\u00e9nero con gran detalle. Moravska es una marca de Rep\u00fablica Checa especializada en t\u00edteres y marionetas fabricados a mano con muchos a\u00f1os de experiencia, sus dise\u00f1os son ideales para el f\u00e1cil manejo de ni\u00f1os y adultos. Los t\u00edteres son juegos ideales para el desarrollo de las habilidades sociales de los m\u00e1s peque\u00f1os, una forma hermosa de contar historias invitando a los m\u00e1s peque\u00f1os a viajar a los mundos de fantas\u00eda m\u00e1s maravillosos. El personaje mide 28 cm. Recomendado para ni\u00f1os de m\u00e1s de 36 meses ya que contiene partes peque\u00f1as.<\/p>\n<p><p><strong>Material : <\/strong> Genero<\/p>\n<p><strong>C\u00f3digo Aukinko : <\/strong> 12-822855<\/p>\n<p><strong>C\u00f3digo Convenio Marco : <\/strong> X<\/p>\n","protected":false},"excerpt":{"rendered":"<p>Hermoso t\u00edtere de Cazador fabricado en g\u00e9nero con gran detalle. Moravska es una marca de Rep\u00fablica Checa especializada en t\u00edteres y marionetas fabricados a mano con muchos a\u00f1os de experiencia, sus dise\u00f1os son ideales para el f\u00e1cil manejo de ni\u00f1os y adultos. Los t\u00edteres son juegos ideales para el desarrollo de las habilidades sociales de [&hellip;]<\/p>\n","protected":false},"featured_media":623167,"comment_status":"open","ping_status":"closed","template":"","meta":{"_et_pb_use_builder":"","_et_pb_old_content":"","_et_gb_content_width":""},"product_brand":[],"product_cat":[17,212],"product_tag":[],"class_list":{"0":"post-570524","1":"product","2":"type-product","3":"status-publish","4":"has-post-thumbnail","6":"product_cat-juegos-de-rol","7":"product_cat-munecos-y-figuras","8":"pa_edad-2-a-3-anos","9":"pa_edad-3-a-4-anos","10":"pa_edad-4-a-5-anos","11":"pa_edad-5-a-6-anos","12":"pa_edad-6-a-8-anos","13":"pa_edad-8-a-10-anos","14":"pa_marca-moravska","15":"pa_medidas-28-cm","17":"first","18":"instock","19":"shipping-taxable","20":"purchasable","21":"product-type-simple"},"aioseo_notices":[],"_links":{"self":[{"href":"https:\/\/aukinkochile.com\/web\/wp-json\/wp\/v2\/product\/570524","targetHints":{"allow":["GET"]}}],"collection":[{"href":"https:\/\/aukinkochile.com\/web\/wp-json\/wp\/v2\/product"}],"about":[{"href":"https:\/\/aukinkochile.com\/web\/wp-json\/wp\/v2\/types\/product"}],"replies":[{"embeddable":true,"href":"https:\/\/aukinkochile.com\/web\/wp-json\/wp\/v2\/comments?post=570524"}],"wp:featuredmedia":[{"embeddable":true,"href":"https:\/\/aukinkochile.com\/web\/wp-json\/wp\/v2\/media\/623167"}],"wp:attachment":[{"href":"https:\/\/aukinkochile.com\/web\/wp-json\/wp\/v2\/media?parent=570524"}],"wp:term":[{"taxonomy":"product_brand","embeddable":true,"href":"https:\/\/aukinkochile.com\/web\/wp-json\/wp\/v2\/product_brand?post=570524"},{"taxonomy":"product_cat","embeddable":true,"href":"https:\/\/aukinkochile.com\/web\/wp-json\/wp\/v2\/product_cat?post=570524"},{"taxonomy":"product_tag","embeddable":true,"href":"https:\/\/aukinkochile.com\/web\/wp-json\/wp\/v2\/product_tag?post=570524"}],"curies":[{"name":"wp","href":"https:\/\/api.w.org\/{rel}","templated":true}]}}